{"id":85,"date":"2012-11-16T15:07:06","date_gmt":"2012-11-16T13:07:06","guid":{"rendered":"http:\/\/petski.tainas.ee\/?page_id=85"},"modified":"2012-11-16T15:19:11","modified_gmt":"2012-11-16T13:19:11","slug":"munakell","status":"publish","type":"page","link":"https:\/\/priit.ati.ttu.ee\/?page_id=85","title":{"rendered":"Munakell"},"content":{"rendered":"<h3>\u00dclesanne<\/h3>\n<p>Programmeeri programm, mis loendab vastavalt etteantud kahendv\u00e4\u00e4rtusele v\u00e4\u00e4rtusi alla, kuni j\u00f5uab nulli. Hetkelist v\u00e4\u00e4rtust n\u00e4idatakse 7-segmendi indikaatoritel. Loenduri algv\u00e4\u00e4rtus antakse ette DIP l\u00fclititelt. Kui kell j\u00f5uab nulli hakkavad vilkuma LED tuled. Loendur hakkab loendama alles p\u00e4rast surunupu BTN vajutamist.<\/p>\n<h3>Lahenduse kirjeldus<\/h3>\n<p>Kasutaja annab DIP l\u00fclititele n\u00e4iteks v\u00e4\u00e4rtuse 00001111 ning seej\u00e4rel vajutab surunuppu BTN. 7-segmendi indikaatorile ilmub v\u00e4\u00e4rtus 15 ning seej\u00e4rel hakatakse antud v\u00e4\u00e4rtust 1 v\u00f5rra v\u00e4hendama, kuni tulemuseks on null. J\u00e4rgnevalt hakkavad vilkuma LED tuled. Korduste arv pole m\u00e4\u00e4ratud.<\/p>\n<p>Kasutaja poolt antav minimaalne v\u00e4\u00e4rtus on 0 ning maksimaalne 255 (11111111). Programm peab olema suuteline v\u00f5tma vastu k\u00f5iki arve antud vahemikust ning v\u00e4ljastama neid 7-segmendi indikaatorile.<\/p>\n<h3>M\u00e4rkus<\/h3>\n<p>V\u00e4\u00e4rtuste v\u00e4ljastamisel 7-segmendi indikaatorile l\u00e4htuda m\u00f5istlikust loetavusest. Liiga kiiresti muutuvaid numbreid on raske lugeda!<\/p>\n<p>&nbsp;<\/p>\n","protected":false},"excerpt":{"rendered":"<p>\u00dclesanne Programmeeri programm, mis loendab vastavalt etteantud kahendv\u00e4\u00e4rtusele v\u00e4\u00e4rtusi alla, kuni j\u00f5uab nulli. Hetkelist v\u00e4\u00e4rtust n\u00e4idatakse 7-segmendi indikaatoritel. Loenduri algv\u00e4\u00e4rtus antakse ette DIP l\u00fclititelt. Kui kell j\u00f5uab nulli hakkavad vilkuma LED tuled. Loendur hakkab loendama alles p\u00e4rast surunupu BTN vajutamist. Lahenduse kirjeldus Kasutaja annab DIP l\u00fclititele n\u00e4iteks v\u00e4\u00e4rtuse 00001111 ning seej\u00e4rel vajutab surunuppu BTN. 7-segmendi [&#8230;]<\/p>\n","protected":false},"author":1,"featured_media":0,"parent":75,"menu_order":0,"comment_status":"closed","ping_status":"closed","template":"","meta":[],"_links":{"self":[{"href":"https:\/\/priit.ati.ttu.ee\/index.php?rest_route=\/wp\/v2\/pages\/85"}],"collection":[{"href":"https:\/\/priit.ati.ttu.ee\/index.php?rest_route=\/wp\/v2\/pages"}],"about":[{"href":"https:\/\/priit.ati.ttu.ee\/index.php?rest_route=\/wp\/v2\/types\/page"}],"author":[{"embeddable":true,"href":"https:\/\/priit.ati.ttu.ee\/index.php?rest_route=\/wp\/v2\/users\/1"}],"replies":[{"embeddable":true,"href":"https:\/\/priit.ati.ttu.ee\/index.php?rest_route=%2Fwp%2Fv2%2Fcomments&post=85"}],"version-history":[{"count":2,"href":"https:\/\/priit.ati.ttu.ee\/index.php?rest_route=\/wp\/v2\/pages\/85\/revisions"}],"predecessor-version":[{"id":95,"href":"https:\/\/priit.ati.ttu.ee\/index.php?rest_route=\/wp\/v2\/pages\/85\/revisions\/95"}],"up":[{"embeddable":true,"href":"https:\/\/priit.ati.ttu.ee\/index.php?rest_route=\/wp\/v2\/pages\/75"}],"wp:attachment":[{"href":"https:\/\/priit.ati.ttu.ee\/index.php?rest_route=%2Fwp%2Fv2%2Fmedia&parent=85"}],"curies":[{"name":"wp","href":"https:\/\/api.w.org\/{rel}","templated":true}]}}