{"id":176,"date":"2012-11-16T16:11:39","date_gmt":"2012-11-16T14:11:39","guid":{"rendered":"http:\/\/petski.tainas.ee\/?page_id=176"},"modified":"2020-12-21T16:15:34","modified_gmt":"2020-12-21T14:15:34","slug":"minust","status":"publish","type":"page","link":"https:\/\/priit.ati.ttu.ee\/","title":{"rendered":"Minust"},"content":{"rendered":"\n<h3>&nbsp;<\/h3>\n\n\n\n\n\n\n<div class=\"wp-block-image\"><figure class=\"alignright\"><img loading=\"lazy\" width=\"200\" height=\"300\" src=\"http:\/\/priit.ati.ttu.ee\/wp-content\/uploads\/2012\/11\/6Y6H6567-200x300.jpg\" alt=\"\" class=\"wp-image-621\" title=\"Mina\" srcset=\"https:\/\/priit.ati.ttu.ee\/wp-content\/uploads\/2012\/11\/6Y6H6567-200x300.jpg 200w, https:\/\/priit.ati.ttu.ee\/wp-content\/uploads\/2012\/11\/6Y6H6567.jpg 667w\" sizes=\"(max-width: 200px) 100vw, 200px\" \/><\/figure><\/div>\n\n\n\n<p><br>Nimi,<strong>Priit Ruberg<\/strong>,<br>Email,priit.ruberg[\u00e4t]ati.ttu.ee~~priit.ruberg[\u00e4t]itcollege.ee<br>\u00d5petatavad ained, <a href=\"http:\/\/mini.pld.ttu.ee\/~lrv\/IAY0150\/\" target=\"_blank\" rel=\"noopener noreferrer\">Digitaals\u00fcsteemid <\/a>(praktikum)~~<a href=\"http:\/\/www.ati.ttu.ee\/IXX0510\/\" target=\"_blank\" rel=\"noopener noreferrer\">Sissejuhatus erialasse<\/a> (praktikum)~~<a href=\"http:\/\/enos.itcollege.ee\/~lrv\/I207\/\" target=\"_blank\" rel=\"noopener noreferrer\">Digitaalloogika ja -s\u00fcsteemid<\/a> (praktikum)<br>Konsultatsioon, esmasp\u00e4eviti algusega kell 14:15 ruumic ICT-512\\, kokkuleppel emaili teel<br>Telefon, 620 2265<\/p>\n","protected":false},"excerpt":{"rendered":"<p>&nbsp; Nimi,Priit Ruberg,Email,priit.ruberg[\u00e4t]ati.ttu.ee~~priit.ruberg[\u00e4t]itcollege.ee\u00d5petatavad ained, Digitaals\u00fcsteemid (praktikum)~~Sissejuhatus erialasse (praktikum)~~Digitaalloogika ja -s\u00fcsteemid (praktikum)Konsultatsioon, esmasp\u00e4eviti algusega kell 14:15 ruumic ICT-512\\, kokkuleppel emaili teelTelefon, 620 2265<\/p>\n","protected":false},"author":1,"featured_media":0,"parent":0,"menu_order":0,"comment_status":"closed","ping_status":"closed","template":"","meta":[],"_links":{"self":[{"href":"https:\/\/priit.ati.ttu.ee\/index.php?rest_route=\/wp\/v2\/pages\/176"}],"collection":[{"href":"https:\/\/priit.ati.ttu.ee\/index.php?rest_route=\/wp\/v2\/pages"}],"about":[{"href":"https:\/\/priit.ati.ttu.ee\/index.php?rest_route=\/wp\/v2\/types\/page"}],"author":[{"embeddable":true,"href":"https:\/\/priit.ati.ttu.ee\/index.php?rest_route=\/wp\/v2\/users\/1"}],"replies":[{"embeddable":true,"href":"https:\/\/priit.ati.ttu.ee\/index.php?rest_route=%2Fwp%2Fv2%2Fcomments&post=176"}],"version-history":[{"count":120,"href":"https:\/\/priit.ati.ttu.ee\/index.php?rest_route=\/wp\/v2\/pages\/176\/revisions"}],"predecessor-version":[{"id":12342,"href":"https:\/\/priit.ati.ttu.ee\/index.php?rest_route=\/wp\/v2\/pages\/176\/revisions\/12342"}],"wp:attachment":[{"href":"https:\/\/priit.ati.ttu.ee\/index.php?rest_route=%2Fwp%2Fv2%2Fmedia&parent=176"}],"curies":[{"name":"wp","href":"https:\/\/api.w.org\/{rel}","templated":true}]}}