{"id":984,"date":"2014-09-11T14:55:52","date_gmt":"2014-09-11T12:55:52","guid":{"rendered":"http:\/\/petski.tainas.ee\/?page_id=984"},"modified":"2020-12-21T16:09:40","modified_gmt":"2020-12-21T14:09:40","slug":"tagasiside","status":"publish","type":"page","link":"http:\/\/priit.ati.ttu.ee\/?page_id=984","title":{"rendered":"Tagasiside"},"content":{"rendered":"<p>* t\u00e4histatud v\u00e4ljad on kohustuslikud<\/p>\n<p>Tagasisidet v\u00f5ib anda kogu kursuse v\u00e4ltel. Ise\u00e4ranis\u00a0on oodatud igasugused puuduj\u00e4\u00e4gid \u00f5ppematerjalide kohta.<\/p>\n","protected":false},"excerpt":{"rendered":"<p>* t\u00e4histatud v\u00e4ljad on kohustuslikud Tagasisidet v\u00f5ib anda kogu kursuse v\u00e4ltel. Ise\u00e4ranis\u00a0on oodatud igasugused puuduj\u00e4\u00e4gid \u00f5ppematerjalide kohta.<\/p>\n","protected":false},"author":1,"featured_media":0,"parent":972,"menu_order":3,"comment_status":"closed","ping_status":"closed","template":"","meta":[],"_links":{"self":[{"href":"http:\/\/priit.ati.ttu.ee\/index.php?rest_route=\/wp\/v2\/pages\/984"}],"collection":[{"href":"http:\/\/priit.ati.ttu.ee\/index.php?rest_route=\/wp\/v2\/pages"}],"about":[{"href":"http:\/\/priit.ati.ttu.ee\/index.php?rest_route=\/wp\/v2\/types\/page"}],"author":[{"embeddable":true,"href":"http:\/\/priit.ati.ttu.ee\/index.php?rest_route=\/wp\/v2\/users\/1"}],"replies":[{"embeddable":true,"href":"http:\/\/priit.ati.ttu.ee\/index.php?rest_route=%2Fwp%2Fv2%2Fcomments&post=984"}],"version-history":[{"count":12,"href":"http:\/\/priit.ati.ttu.ee\/index.php?rest_route=\/wp\/v2\/pages\/984\/revisions"}],"predecessor-version":[{"id":12336,"href":"http:\/\/priit.ati.ttu.ee\/index.php?rest_route=\/wp\/v2\/pages\/984\/revisions\/12336"}],"up":[{"embeddable":true,"href":"http:\/\/priit.ati.ttu.ee\/index.php?rest_route=\/wp\/v2\/pages\/972"}],"wp:attachment":[{"href":"http:\/\/priit.ati.ttu.ee\/index.php?rest_route=%2Fwp%2Fv2%2Fmedia&parent=984"}],"curies":[{"name":"wp","href":"https:\/\/api.w.org\/{rel}","templated":true}]}}