{"id":978,"date":"2014-09-11T14:55:03","date_gmt":"2014-09-11T12:55:03","guid":{"rendered":"http:\/\/petski.tainas.ee\/?page_id=978"},"modified":"2017-09-25T12:40:52","modified_gmt":"2017-09-25T10:40:52","slug":"praktikumid","status":"publish","type":"page","link":"http:\/\/priit.ati.ttu.ee\/?page_id=978","title":{"rendered":"Praktikumid"},"content":{"rendered":"<p>Praktikumideks on tunniplaanis ette n\u00e4htud 8 kontakttundi, mille jooksul tutvustatakse kodut\u00f6\u00f6 lahendamiseks vajalikke t\u00f6\u00f6riistu ning \u00f5pitakse\u00a0digitaals\u00fcsteemide programmeerimist VHDL keeles. Praktikumide tundide sisu s\u00fcgisel 2017 on jaotatud vastavalt tabelile 1.<\/p>\n<div class=\"table-responsive\"><table  style=\"width:600px; \"  class=\"easy-table easy-table-default \" border=\"10\">\n<caption>Tabel 1. P\u00e4eva\u00f5ppe praktikumid s\u00fcgis 2017<\/caption>\n<thead>\r\n<tr><th >#<\/th>\n<th >Praktikum<\/th>\n<th >Sisu<\/th>\n<\/tr>\n<\/thead>\n<tbody>\r\n<tr><td >1<\/td>\n<td ><a title=\"Praktikum I\" href=\"http:\/\/priit.ati.ttu.ee\/?page_id=993\">Praktikum I<\/td>\n<td ><\/a>Teisendamine ja kodut\u00f6\u00f6 lahendamise tehnilised vahendid<\/td>\n<\/tr>\n\r\n<tr><td >2<\/td>\n<td ><a title=\"Praktikum II\" href=\"http:\/\/priit.ati.ttu.ee\/?page_id=1689\">Praktikum II<\/a><\/td>\n<td >Espresso t\u00f6\u00f6p\u00f5him\u00f5te ja skeemisimulaator; <span style=\"color: #ff0000;\">TEST 1<\/span><\/td>\n<\/tr>\n\r\n<tr><td >3<\/td>\n<td ><a title=\"Praktikum III\" href=\"http:\/\/priit.ati.ttu.ee\/?page_id=2189\">Praktikum III<\/a><\/td>\n<td >Sissejuhatus programmeerimiskeelde VHDL; \u00fclesande tutvustamine<\/td>\n<\/tr>\n\r\n<tr><td >4<\/td>\n<td ><\/td>\n<td >\u00dclesande lahendamine ja esitamine<\/td>\n<\/tr>\n\r\n<tr><td >5<\/td>\n<td ><\/td>\n<td >\u00dclesande lahenduse esitamine<\/td>\n<\/tr>\n\r\n<tr><td >6<\/td>\n<td ><a title=\"Praktikum IV\" href=\"http:\/\/priit.ati.ttu.ee\/?page_id=1000\">Praktikum IV<\/a><\/td>\n<td >Meeskonnat\u00f6\u00f6\u00a0\u00fclesande tutvustus ja lahendamine<\/td>\n<\/tr>\n\r\n<tr><td >7<\/td>\n<td ><\/td>\n<td >\u00dclesande lahendamine ja esitamine; <strong><span style=\"color: #ff0000;\">TEST 2<\/span><\/strong><\/td>\n<\/tr>\n\r\n<tr><td >8<\/td>\n<td ><\/td>\n<td > \u00dclesande lahenduse esitamine<\/td>\n<\/tr>\n<\/tbody><\/table><\/div>\n","protected":false},"excerpt":{"rendered":"<p>Praktikumideks on tunniplaanis ette n\u00e4htud 8 kontakttundi, mille jooksul tutvustatakse kodut\u00f6\u00f6 lahendamiseks vajalikke t\u00f6\u00f6riistu ning \u00f5pitakse\u00a0digitaals\u00fcsteemide programmeerimist VHDL keeles. Praktikumide tundide sisu s\u00fcgisel 2017 on jaotatud vastavalt tabelile 1.<\/p>\n","protected":false},"author":1,"featured_media":0,"parent":972,"menu_order":0,"comment_status":"closed","ping_status":"closed","template":"","meta":[],"_links":{"self":[{"href":"http:\/\/priit.ati.ttu.ee\/index.php?rest_route=\/wp\/v2\/pages\/978"}],"collection":[{"href":"http:\/\/priit.ati.ttu.ee\/index.php?rest_route=\/wp\/v2\/pages"}],"about":[{"href":"http:\/\/priit.ati.ttu.ee\/index.php?rest_route=\/wp\/v2\/types\/page"}],"author":[{"embeddable":true,"href":"http:\/\/priit.ati.ttu.ee\/index.php?rest_route=\/wp\/v2\/users\/1"}],"replies":[{"embeddable":true,"href":"http:\/\/priit.ati.ttu.ee\/index.php?rest_route=%2Fwp%2Fv2%2Fcomments&post=978"}],"version-history":[{"count":34,"href":"http:\/\/priit.ati.ttu.ee\/index.php?rest_route=\/wp\/v2\/pages\/978\/revisions"}],"predecessor-version":[{"id":2439,"href":"http:\/\/priit.ati.ttu.ee\/index.php?rest_route=\/wp\/v2\/pages\/978\/revisions\/2439"}],"up":[{"embeddable":true,"href":"http:\/\/priit.ati.ttu.ee\/index.php?rest_route=\/wp\/v2\/pages\/972"}],"wp:attachment":[{"href":"http:\/\/priit.ati.ttu.ee\/index.php?rest_route=%2Fwp%2Fv2%2Fmedia&parent=978"}],"curies":[{"name":"wp","href":"https:\/\/api.w.org\/{rel}","templated":true}]}}