{"id":81,"date":"2012-11-16T15:05:05","date_gmt":"2012-11-16T13:05:05","guid":{"rendered":"http:\/\/petski.tainas.ee\/?page_id=81"},"modified":"2015-09-23T09:34:30","modified_gmt":"2015-09-23T07:34:30","slug":"jooksvad-tuled","status":"publish","type":"page","link":"http:\/\/priit.ati.ttu.ee\/?page_id=81","title":{"rendered":"Jooksvad tuled"},"content":{"rendered":"<h3>Eeldus<\/h3>\n<p>M\u00f5ista programmeerimiskeeles C enimkasutatavaid konstruktsioone (ts\u00fckkel, tingimus). Osata kasutada viiteid.<\/p>\n<h3>\u00dclesanne<\/h3>\n<p>Programmeeri programm, mis paneks \u00fchel ajahetkel p\u00f5lema \u00fche LEDi. J\u00e4rgmisel hetkel tema k\u00f5rvaloleva LEDi jne. Tulemuseks peab tekkima efekt nagu LEDid liiguksid vasakult paremale ning tagasi. LEDide l\u00fclitamise vaheline viide vali ise.<\/p>\n<h3>Lahenduse kirjeldus<\/h3>\n<p><img loading=\"lazy\" class=\"size-full wp-image-126 alignnone\" title=\"Running leds\" src=\"http:\/\/priit.ati.ttu.ee\/wp-content\/uploads\/2012\/11\/Running-leds.gif\" alt=\"\" width=\"300\" height=\"104\" \/><\/p>\n<h3>Soovitus<\/h3>\n<p>Proovi v\u00e4lja m\u00f5elda nutikas lahendus!<\/p>\n","protected":false},"excerpt":{"rendered":"<p>Eeldus M\u00f5ista programmeerimiskeeles C enimkasutatavaid konstruktsioone (ts\u00fckkel, tingimus). Osata kasutada viiteid. \u00dclesanne Programmeeri programm, mis paneks \u00fchel ajahetkel p\u00f5lema \u00fche LEDi. J\u00e4rgmisel hetkel tema k\u00f5rvaloleva LEDi jne. Tulemuseks peab tekkima efekt nagu LEDid liiguksid vasakult paremale ning tagasi. LEDide l\u00fclitamise vaheline viide vali ise. Lahenduse kirjeldus Soovitus Proovi v\u00e4lja m\u00f5elda nutikas lahendus!<\/p>\n","protected":false},"author":1,"featured_media":0,"parent":75,"menu_order":0,"comment_status":"closed","ping_status":"closed","template":"","meta":[],"_links":{"self":[{"href":"http:\/\/priit.ati.ttu.ee\/index.php?rest_route=\/wp\/v2\/pages\/81"}],"collection":[{"href":"http:\/\/priit.ati.ttu.ee\/index.php?rest_route=\/wp\/v2\/pages"}],"about":[{"href":"http:\/\/priit.ati.ttu.ee\/index.php?rest_route=\/wp\/v2\/types\/page"}],"author":[{"embeddable":true,"href":"http:\/\/priit.ati.ttu.ee\/index.php?rest_route=\/wp\/v2\/users\/1"}],"replies":[{"embeddable":true,"href":"http:\/\/priit.ati.ttu.ee\/index.php?rest_route=%2Fwp%2Fv2%2Fcomments&post=81"}],"version-history":[{"count":9,"href":"http:\/\/priit.ati.ttu.ee\/index.php?rest_route=\/wp\/v2\/pages\/81\/revisions"}],"predecessor-version":[{"id":1679,"href":"http:\/\/priit.ati.ttu.ee\/index.php?rest_route=\/wp\/v2\/pages\/81\/revisions\/1679"}],"up":[{"embeddable":true,"href":"http:\/\/priit.ati.ttu.ee\/index.php?rest_route=\/wp\/v2\/pages\/75"}],"wp:attachment":[{"href":"http:\/\/priit.ati.ttu.ee\/index.php?rest_route=%2Fwp%2Fv2%2Fmedia&parent=81"}],"curies":[{"name":"wp","href":"https:\/\/api.w.org\/{rel}","templated":true}]}}