{"id":75,"date":"2012-11-16T14:54:48","date_gmt":"2012-11-16T12:54:48","guid":{"rendered":"http:\/\/petski.tainas.ee\/?page_id=75"},"modified":"2015-09-21T15:39:10","modified_gmt":"2015-09-21T13:39:10","slug":"ulesanded","status":"publish","type":"page","link":"http:\/\/priit.ati.ttu.ee\/?page_id=75","title":{"rendered":"\u00dclesanded"},"content":{"rendered":"<h2>PICkit2 \u00fclesanded<\/h2>\n<p>Enne \u00fclesannete juurde asumist on kohustuslik v\u00e4hemalt korra l\u00e4bi lugeda eelnevad materjalid mikrokontrollerkomplekti riistvara ning tarkvara kohta. Eelk\u00f5ige p\u00f6\u00f6rata t\u00e4helepanu materjalides v\u00e4ljatoodud punase kirjaga t\u00e4histatud infole.<\/p>\n<p>Kui k\u00f5ik eelnev tehtud, siis j\u00e4rgnevalt on toodud m\u00f5ned \u00fclesannete kirjeldused:<\/p>\n<p><a title=\"N\u00e4idis\u00fclesande modifikatsioon\" href=\"http:\/\/priit.ati.ttu.ee\/?page_id=77\">N\u00e4idis\u00fclesande modifikatsioon<\/a> (lihtne)<\/p>\n<p><a title=\"Jooksvad tuled\" href=\"http:\/\/priit.ati.ttu.ee\/?page_id=81\">Jooksvad tuled <\/a>(lihtne)<\/p>\n<p><a title=\"LEDi juhtimine\" href=\"http:\/\/priit.ati.ttu.ee\/?page_id=83\">LEDi juhtimine<\/a> (v\u00e4ga lihtne)<\/p>\n<p><a title=\"Munakell\" href=\"http:\/\/priit.ati.ttu.ee\/?page_id=85\">Munakell<\/a> (keeruline)<\/p>\n<p>&nbsp;<\/p>\n","protected":false},"excerpt":{"rendered":"<p>PICkit2 \u00fclesanded Enne \u00fclesannete juurde asumist on kohustuslik v\u00e4hemalt korra l\u00e4bi lugeda eelnevad materjalid mikrokontrollerkomplekti riistvara ning tarkvara kohta. Eelk\u00f5ige p\u00f6\u00f6rata t\u00e4helepanu materjalides v\u00e4ljatoodud punase kirjaga t\u00e4histatud infole. Kui k\u00f5ik eelnev tehtud, siis j\u00e4rgnevalt on toodud m\u00f5ned \u00fclesannete kirjeldused: N\u00e4idis\u00fclesande modifikatsioon (lihtne) Jooksvad tuled (lihtne) LEDi juhtimine (v\u00e4ga lihtne) Munakell (keeruline) &nbsp;<\/p>\n","protected":false},"author":1,"featured_media":0,"parent":12,"menu_order":3,"comment_status":"closed","ping_status":"closed","template":"","meta":[],"_links":{"self":[{"href":"http:\/\/priit.ati.ttu.ee\/index.php?rest_route=\/wp\/v2\/pages\/75"}],"collection":[{"href":"http:\/\/priit.ati.ttu.ee\/index.php?rest_route=\/wp\/v2\/pages"}],"about":[{"href":"http:\/\/priit.ati.ttu.ee\/index.php?rest_route=\/wp\/v2\/types\/page"}],"author":[{"embeddable":true,"href":"http:\/\/priit.ati.ttu.ee\/index.php?rest_route=\/wp\/v2\/users\/1"}],"replies":[{"embeddable":true,"href":"http:\/\/priit.ati.ttu.ee\/index.php?rest_route=%2Fwp%2Fv2%2Fcomments&post=75"}],"version-history":[{"count":9,"href":"http:\/\/priit.ati.ttu.ee\/index.php?rest_route=\/wp\/v2\/pages\/75\/revisions"}],"predecessor-version":[{"id":1667,"href":"http:\/\/priit.ati.ttu.ee\/index.php?rest_route=\/wp\/v2\/pages\/75\/revisions\/1667"}],"up":[{"embeddable":true,"href":"http:\/\/priit.ati.ttu.ee\/index.php?rest_route=\/wp\/v2\/pages\/12"}],"wp:attachment":[{"href":"http:\/\/priit.ati.ttu.ee\/index.php?rest_route=%2Fwp%2Fv2%2Fmedia&parent=75"}],"curies":[{"name":"wp","href":"https:\/\/api.w.org\/{rel}","templated":true}]}}