{"id":542,"date":"2012-12-10T17:21:56","date_gmt":"2012-12-10T15:21:56","guid":{"rendered":"http:\/\/petski.tainas.ee\/?page_id=542"},"modified":"2020-12-21T16:41:32","modified_gmt":"2020-12-21T14:41:32","slug":"loputood","status":"publish","type":"page","link":"http:\/\/priit.ati.ttu.ee\/?page_id=542","title":{"rendered":"L\u00f5put\u00f6\u00f6d"},"content":{"rendered":"\n<p>Pakun l\u00f5put\u00f6\u00f6deks teemasid, mille \u00fchine nimetaja on riistvara ja tarkvara koosdisain. Teemad on m\u00f5eldud nii bakalaureuse kui ka magistri taseme l\u00f5petajatele. Omalt poolt saan pakkuda v\u00f5imalust protot\u00fc\u00fcpida isikliku CNC t\u00f6\u00f6pingiga ning kasutada instituudis asuvat 3D-printerit. V\u00f5ta \u00fchendust emaili teel!<\/p>\n\n\n\n<ul><li>Operatsioonis\u00fcsteemi <a href=\"http:\/\/www.riot-os.org\/\" target=\"_blank\" rel=\"noopener\">RIOT<\/a> portimine Dresden Elektroniku juhtmevaba sensorv\u00f5rgu platvormile &#8211; bakalaureus<\/li><li>Operatsioonis\u00fcsteemi <a href=\"http:\/\/www.riot-os.org\/\" target=\"_blank\" rel=\"noopener\">RIOT<\/a> portimine Dresden Elektroniku juhtmevaba sensorv\u00f5rgu platvormile ning demo\u00fclesande lahenduse v\u00e4ljat\u00f6\u00f6tamine &#8211; magister<\/li><li>C-keele p\u00f5hine mikrokontrollerite energiatarbe hindamise metoodika&nbsp;praktilise kasutamise laiendamine (teadusp\u00f5hine)- bakalaureus\/magister<\/li><li>Automaatne andmetev\u00f5tt (data aquisition) ja anal\u00fc\u00fcs Matlab platvormil v\u00e4ljat\u00f6\u00f6tamine<\/li><\/ul>\n","protected":false},"excerpt":{"rendered":"<p>Pakun l\u00f5put\u00f6\u00f6deks teemasid, mille \u00fchine nimetaja on riistvara ja tarkvara koosdisain. Teemad on m\u00f5eldud nii bakalaureuse kui ka magistri taseme l\u00f5petajatele. Omalt poolt saan pakkuda v\u00f5imalust protot\u00fc\u00fcpida isikliku CNC t\u00f6\u00f6pingiga ning kasutada instituudis asuvat 3D-printerit. V\u00f5ta \u00fchendust emaili teel! Operatsioonis\u00fcsteemi RIOT portimine Dresden Elektroniku juhtmevaba sensorv\u00f5rgu platvormile &#8211; bakalaureusOperatsioonis\u00fcsteemi RIOT portimine Dresden Elektroniku juhtmevaba sensorv\u00f5rgu [&#8230;]<\/p>\n","protected":false},"author":1,"featured_media":0,"parent":0,"menu_order":0,"comment_status":"closed","ping_status":"closed","template":"","meta":[],"_links":{"self":[{"href":"http:\/\/priit.ati.ttu.ee\/index.php?rest_route=\/wp\/v2\/pages\/542"}],"collection":[{"href":"http:\/\/priit.ati.ttu.ee\/index.php?rest_route=\/wp\/v2\/pages"}],"about":[{"href":"http:\/\/priit.ati.ttu.ee\/index.php?rest_route=\/wp\/v2\/types\/page"}],"author":[{"embeddable":true,"href":"http:\/\/priit.ati.ttu.ee\/index.php?rest_route=\/wp\/v2\/users\/1"}],"replies":[{"embeddable":true,"href":"http:\/\/priit.ati.ttu.ee\/index.php?rest_route=%2Fwp%2Fv2%2Fcomments&post=542"}],"version-history":[{"count":12,"href":"http:\/\/priit.ati.ttu.ee\/index.php?rest_route=\/wp\/v2\/pages\/542\/revisions"}],"predecessor-version":[{"id":12347,"href":"http:\/\/priit.ati.ttu.ee\/index.php?rest_route=\/wp\/v2\/pages\/542\/revisions\/12347"}],"wp:attachment":[{"href":"http:\/\/priit.ati.ttu.ee\/index.php?rest_route=%2Fwp%2Fv2%2Fmedia&parent=542"}],"curies":[{"name":"wp","href":"https:\/\/api.w.org\/{rel}","templated":true}]}}