{"id":523,"date":"2012-12-07T11:54:29","date_gmt":"2012-12-07T09:54:29","guid":{"rendered":"http:\/\/petski.tainas.ee\/?page_id=523"},"modified":"2020-12-21T16:40:09","modified_gmt":"2020-12-21T14:40:09","slug":"tagasiside","status":"publish","type":"page","link":"http:\/\/priit.ati.ttu.ee\/?page_id=523","title":{"rendered":"Tagasiside"},"content":{"rendered":"\n<p>* t\u00e4histatud v\u00e4ljad on kohustuslikud.<\/p>\n\n\n\n<p>Palun kirjuta teemaks Programmeerimine.<\/p>\n\n\n\n<p>Teatesse v\u00f5iksid kirjutada mis meeldis\/ei meeldinud praktikumides. Samuti kui leiad, et midagi saaks paremini teha pane ka see kirja. Oodatud on loomulikult ka omapoolsed arvamused\/ettepanekud.<\/p>\n","protected":false},"excerpt":{"rendered":"<p>* t\u00e4histatud v\u00e4ljad on kohustuslikud. Palun kirjuta teemaks Programmeerimine. Teatesse v\u00f5iksid kirjutada mis meeldis\/ei meeldinud praktikumides. Samuti kui leiad, et midagi saaks paremini teha pane ka see kirja. Oodatud on loomulikult ka omapoolsed arvamused\/ettepanekud.<\/p>\n","protected":false},"author":1,"featured_media":0,"parent":12,"menu_order":5,"comment_status":"closed","ping_status":"closed","template":"","meta":[],"_links":{"self":[{"href":"http:\/\/priit.ati.ttu.ee\/index.php?rest_route=\/wp\/v2\/pages\/523"}],"collection":[{"href":"http:\/\/priit.ati.ttu.ee\/index.php?rest_route=\/wp\/v2\/pages"}],"about":[{"href":"http:\/\/priit.ati.ttu.ee\/index.php?rest_route=\/wp\/v2\/types\/page"}],"author":[{"embeddable":true,"href":"http:\/\/priit.ati.ttu.ee\/index.php?rest_route=\/wp\/v2\/users\/1"}],"replies":[{"embeddable":true,"href":"http:\/\/priit.ati.ttu.ee\/index.php?rest_route=%2Fwp%2Fv2%2Fcomments&post=523"}],"version-history":[{"count":10,"href":"http:\/\/priit.ati.ttu.ee\/index.php?rest_route=\/wp\/v2\/pages\/523\/revisions"}],"predecessor-version":[{"id":12344,"href":"http:\/\/priit.ati.ttu.ee\/index.php?rest_route=\/wp\/v2\/pages\/523\/revisions\/12344"}],"up":[{"embeddable":true,"href":"http:\/\/priit.ati.ttu.ee\/index.php?rest_route=\/wp\/v2\/pages\/12"}],"wp:attachment":[{"href":"http:\/\/priit.ati.ttu.ee\/index.php?rest_route=%2Fwp%2Fv2%2Fmedia&parent=523"}],"curies":[{"name":"wp","href":"https:\/\/api.w.org\/{rel}","templated":true}]}}