{"id":2599,"date":"2017-11-30T17:57:14","date_gmt":"2017-11-30T15:57:14","guid":{"rendered":"http:\/\/priit.ati.ttu.ee\/?page_id=2599"},"modified":"2017-12-06T10:53:37","modified_gmt":"2017-12-06T08:53:37","slug":"test-4","status":"publish","type":"page","link":"http:\/\/priit.ati.ttu.ee\/?page_id=2599","title":{"rendered":"Test 4"},"content":{"rendered":"<ul>\n<li><a href=\"https:\/\/goo.gl\/forms\/KvkojzIBzges5dMt1\">Neljap\u00e4ev 17:45<\/a><\/li>\n<li><a href=\"https:\/\/goo.gl\/forms\/PfK4dszljAQ8J2ka2\">Reede 10:00<\/a><\/li>\n<li><a href=\"https:\/\/goo.gl\/forms\/PfK4dszljAQ8J2ka2\">Reede 14:00<\/a><\/li>\n<li><a href=\"https:\/\/goo.gl\/forms\/U94YNhuL9MBqzdow2\">Teisip\u00e4ev 17:45<\/a><\/li>\n<li><a href=\"https:\/\/goo.gl\/forms\/5nTqeCZuN0ifUPkR2\">Kolmap\u00e4ev 10:00<\/a><\/li>\n<\/ul>\n","protected":false},"excerpt":{"rendered":"<p>Neljap\u00e4ev 17:45 Reede 10:00 Reede 14:00 Teisip\u00e4ev 17:45 Kolmap\u00e4ev 10:00<\/p>\n","protected":false},"author":2,"featured_media":0,"parent":0,"menu_order":0,"comment_status":"closed","ping_status":"closed","template":"","meta":[],"_links":{"self":[{"href":"http:\/\/priit.ati.ttu.ee\/index.php?rest_route=\/wp\/v2\/pages\/2599"}],"collection":[{"href":"http:\/\/priit.ati.ttu.ee\/index.php?rest_route=\/wp\/v2\/pages"}],"about":[{"href":"http:\/\/priit.ati.ttu.ee\/index.php?rest_route=\/wp\/v2\/types\/page"}],"author":[{"embeddable":true,"href":"http:\/\/priit.ati.ttu.ee\/index.php?rest_route=\/wp\/v2\/users\/2"}],"replies":[{"embeddable":true,"href":"http:\/\/priit.ati.ttu.ee\/index.php?rest_route=%2Fwp%2Fv2%2Fcomments&post=2599"}],"version-history":[{"count":6,"href":"http:\/\/priit.ati.ttu.ee\/index.php?rest_route=\/wp\/v2\/pages\/2599\/revisions"}],"predecessor-version":[{"id":2609,"href":"http:\/\/priit.ati.ttu.ee\/index.php?rest_route=\/wp\/v2\/pages\/2599\/revisions\/2609"}],"wp:attachment":[{"href":"http:\/\/priit.ati.ttu.ee\/index.php?rest_route=%2Fwp%2Fv2%2Fmedia&parent=2599"}],"curies":[{"name":"wp","href":"https:\/\/api.w.org\/{rel}","templated":true}]}}