{"id":2356,"date":"2016-11-19T09:30:34","date_gmt":"2016-11-19T07:30:34","guid":{"rendered":"http:\/\/priit.ati.ttu.ee\/?page_id=2356"},"modified":"2017-10-30T11:35:33","modified_gmt":"2017-10-30T09:35:33","slug":"sissejuhatus-vhdli","status":"publish","type":"page","link":"http:\/\/priit.ati.ttu.ee\/?page_id=2356","title":{"rendered":"Sissejuhatus VHDLi"},"content":{"rendered":"<p style=\"text-align: right;\">\n    <!-- WP Last Modified by Dogan Ucar (https:\/\/www.dogan-ucar.de). -->\n    <!-- This program is distributed in the hope that it will be useful, but WITHOUT ANY WARRANTY;-->\n    <!-- 2016 - 2026 Dogan Ucar. -->Last modified: 2017-10-30 11:35:33<\/p>\n<h2>Tunnit\u00f6\u00f6<\/h2>\n<ul>\n<li>Tutvuda programmeerimiskeskonnaga ZamiaCad \u00f5ppej\u00f5u juhendamisel<\/li>\n<li>Simuleerida <a href=\"http:\/\/priit.ati.ttu.ee\/I207\/mux.vhd\" target=\"_blank\" rel=\"noopener\">multipleksori <\/a>programmi <a href=\"http:\/\/priit.ati.ttu.ee\/I207\/mux_tb.vhd\" target=\"_blank\" rel=\"noopener\">testpingiga<\/a><\/li>\n<li>Lisada multipleksori koodi andmevoo -ja struktuursekirjeldusstiiliga koodid<\/li>\n<li>Simuleerida saadud tulemus ning veenduda, et tulemus ei s\u00f5ltu kirjeldusstiilist<\/li>\n<li><a href=\"http:\/\/priit.ati.ttu.ee\/wp-content\/uploads\/2016\/11\/mux.zip\"><span style=\"color: #ff0000;\"><strong>Tunnit\u00f6\u00f6 lahendus &#8211; k\u00f5ik kirjeldusstiilid lisatud<\/strong><\/span><\/a><\/li>\n<\/ul>\n<h2>Programmeerimiskeel VHDL<\/h2>\n<p>Praktikumide sooritamiseks on vaja programmerida VHDL keeles. Keele jaoks on mitmeid erinevaid programmeerimiskeskkondi, nii tasulisi kui ka tasuta. Meie kasutame tasuta keskkonda <a href=\"https:\/\/www.eclipse.org\/\" target=\"_blank\" rel=\"noopener\">Eclipse <\/a>koos <a href=\"http:\/\/zamiacad.sourceforge.net\/web\/\" target=\"_blank\" rel=\"noopener\">ZamiaCad <\/a>laiendusega. Kolled\u017ei arvutitesse on vastav tarkvarapakett juba paigaldatud. Kodus kasutamiseks leiab j\u00e4rgnevatelt\u00a0linkidelt piisavalt informatsiooni keskkonna seadmistamiseks.<\/p>\n<div class=\"table-responsive\"><table  style=\"width:600px; \"  class=\"easy-table easy-table-default \" >\n<caption>Tabel 1. VHDL simulaatorid.<\/caption>\n<thead>\r\n<tr><th  style=\"width:20px\" >#<\/th>\n<th  style=\"width:150px\" >Programm<\/th>\n<th  style=\"width:50px\" >Kasutusjuhend<\/th>\n<th  style=\"width:300px\" >Kommentaar<\/th>\n<\/tr>\n<\/thead>\n<tbody>\r\n<tr><td >1<\/td>\n<td ><a href=\"https:\/\/www.eclipse.org\/\" target=\"_blank\" rel=\"noopener\">Eclise <\/a>+ <a href=\"http:\/\/zamiacad.sourceforge.net\/web\/\" target=\"_blank\" rel=\"noopener\">ZamiaCad<\/a><\/td>\n<td > <a href=\"http:\/\/priit.ati.ttu.ee\/I207\/ZamiaCad.pdf\" target=\"_blank\" rel=\"noopener\">Meie tehtud!<\/a>\u00a0&#8211;\u00a0<a href=\"http:\/\/zamiacad.sourceforge.net\/web\/sites\/default\/files\/zamiaCAD_0.10_tutorial.pdf\" target=\"_blank\" rel=\"noopener\">Originaal<\/a>!<\/td>\n<td >Lihtne VHDLi simulaator; tasuta<\/td>\n<\/tr>\n\r\n<tr><td >2<\/td>\n<td ><a href=\"http:\/\/www.mentor.com\/company\/higher_ed\/modelsim-student-edition\" target=\"_blank\" rel=\"noopener\">ModelSim<\/a><\/td>\n<td > <a href=\"http:\/\/priit.ati.ttu.ee\/?page_id=2033\" target=\"_blank\" rel=\"noopener\">Saadav siit!<\/a><\/td>\n<td >V\u00f5imas tarkvarapakett VHDLi simuleerimiseks; tudengiversioon on tasuta; vajab 2x registreerimist litsenseerimiseks<\/td>\n<\/tr>\n\r\n<tr><td >3<\/td>\n<td ><a href=\"http:\/\/www.xilinx.com\/products\/design-tools\/ise-design-suite\/ise-webpack.htm\" target=\"_blank\" rel=\"noopener\">Xilinx ISE<\/a><\/td>\n<td > <a href=\"http:\/\/priit.ati.ttu.ee\/?page_id=2046\" target=\"_blank\" rel=\"noopener\">Saadav siit!<\/a> <\/td>\n<td >Mahukas VHDLi simulaator\/FPGA s\u00fcntesaator; tasuta; vajab registreerimist litsenseerimiseks<\/td>\n<\/tr>\n<\/tbody><\/table><\/div>\n<p>VHDL keele paremaks omandamiseks k\u00e4sitletakse programmeerimiskeelt ka loengutes. Lisamaterjali VHDLi kohta ning koodin\u00e4iteid on v\u00f5imalik leida veebist otsides, kasutades m\u00e4rks\u00f5na VHDL. Tabelis 2 on nii meie poolt loodud kui ka veebis saadavad VHDLi \u00f5pikud. Lisaks leiab kasulikke VHDLi \u00f5ppematerjale ka <a href=\"https:\/\/www.youtube.com\/results?search_query=VHDL\" target=\"_blank\" rel=\"noopener\">Youtube <\/a>keskkonnast.<\/p>\n<div class=\"table-responsive\"><table  style=\"width:600px; \"  class=\"easy-table easy-table-default \" >\n<caption>Tabel 2. VHDLi \u00f5ppematerjal.<\/caption>\n<thead>\r\n<tr><th  style=\"width:20px\" >#<\/th>\n<th  style=\"width:150px\" >Materjal<\/th>\n<\/tr>\n<\/thead>\n<tbody>\r\n<tr><td >1<\/td>\n<td ><a href=\"http:\/\/priit.ati.ttu.ee\/wp-content\/uploads\/2014\/09\/vhdl1.pptx\">Maksim Gorevi koostatud VHDLi l\u00fchijuhend osa 1<\/a><\/td>\n<\/tr>\n\r\n<tr><td >2<\/td>\n<td ><a href=\"http:\/\/priit.ati.ttu.ee\/wp-content\/uploads\/2014\/09\/vhdl2.pptx\">Maksim Gorevi koostatud VHDLi l\u00fchijuhend osa 2<\/a><\/td>\n<\/tr>\n\r\n<tr><td >3<\/td>\n<td ><a href=\"http:\/\/www.seas.upenn.edu\/~ese171\/vhdl\/vhdl_primer.html\" target=\"_blank\" rel=\"noopener\">Jan Van der Spiegeli \"VHDL tutorial\"<\/a><\/td>\n<\/tr>\n\r\n<tr><td >4<\/td>\n<td ><a href=\"http:\/\/www.csee.umbc.edu\/portal\/help\/VHDL\/VHDL-Handbook.pdf\" target=\"_blank\" rel=\"noopener\">Hardi Electronics AB \"VHDL handbook\"<\/a><\/td>\n<\/tr>\n<\/tbody><\/table><\/div>\n","protected":false},"excerpt":{"rendered":"<p>Tunnit\u00f6\u00f6 Tutvuda programmeerimiskeskonnaga ZamiaCad \u00f5ppej\u00f5u juhendamisel Simuleerida multipleksori programmi testpingiga Lisada multipleksori koodi andmevoo -ja struktuursekirjeldusstiiliga koodid Simuleerida saadud tulemus ning veenduda, et tulemus ei s\u00f5ltu kirjeldusstiilist Tunnit\u00f6\u00f6 lahendus &#8211; k\u00f5ik kirjeldusstiilid lisatud Programmeerimiskeel VHDL Praktikumide sooritamiseks on vaja programmerida VHDL keeles. Keele jaoks on mitmeid erinevaid programmeerimiskeskkondi, nii tasulisi kui ka tasuta. Meie kasutame [&#8230;]<\/p>\n","protected":false},"author":1,"featured_media":0,"parent":1075,"menu_order":0,"comment_status":"closed","ping_status":"closed","template":"","meta":[],"_links":{"self":[{"href":"http:\/\/priit.ati.ttu.ee\/index.php?rest_route=\/wp\/v2\/pages\/2356"}],"collection":[{"href":"http:\/\/priit.ati.ttu.ee\/index.php?rest_route=\/wp\/v2\/pages"}],"about":[{"href":"http:\/\/priit.ati.ttu.ee\/index.php?rest_route=\/wp\/v2\/types\/page"}],"author":[{"embeddable":true,"href":"http:\/\/priit.ati.ttu.ee\/index.php?rest_route=\/wp\/v2\/users\/1"}],"replies":[{"embeddable":true,"href":"http:\/\/priit.ati.ttu.ee\/index.php?rest_route=%2Fwp%2Fv2%2Fcomments&post=2356"}],"version-history":[{"count":5,"href":"http:\/\/priit.ati.ttu.ee\/index.php?rest_route=\/wp\/v2\/pages\/2356\/revisions"}],"predecessor-version":[{"id":2565,"href":"http:\/\/priit.ati.ttu.ee\/index.php?rest_route=\/wp\/v2\/pages\/2356\/revisions\/2565"}],"up":[{"embeddable":true,"href":"http:\/\/priit.ati.ttu.ee\/index.php?rest_route=\/wp\/v2\/pages\/1075"}],"wp:attachment":[{"href":"http:\/\/priit.ati.ttu.ee\/index.php?rest_route=%2Fwp%2Fv2%2Fmedia&parent=2356"}],"curies":[{"name":"wp","href":"https:\/\/api.w.org\/{rel}","templated":true}]}}