{"id":2223,"date":"2016-10-13T11:52:08","date_gmt":"2016-10-13T07:52:08","guid":{"rendered":"http:\/\/priit.ati.ttu.ee\/?page_id=2223"},"modified":"2020-12-21T16:41:56","modified_gmt":"2020-12-21T14:41:56","slug":"teadus","status":"publish","type":"page","link":"http:\/\/priit.ati.ttu.ee\/?page_id=2223","title":{"rendered":"Teadus"},"content":{"rendered":"\n<h3>Energiatarbe hindamine mikrokontrolleritel<\/h3>\n\n\n\n<p>Energiatarbe hindamine on hetkel (oktoober 2016) minu peamine uurimussuund.&nbsp;Meetod baseerub C-keelel ning selle&nbsp;kasutuseesm\u00e4rk on mikrokontrolleri programmi energiatarbe ennustamine vastavalt eelnevalt koostatud energiatarbe mudelile. Meetodi peamine \u00fclevaade sai esitatud NorCAS &#8217;15 konverentsile, kus see sai suurep\u00e4rase tagasiside. Energiatarbe m\u00f5\u00f5tmiste protsessi kohta v\u00f5eti meie&nbsp;artikkel vastu BEC &#8217;16 konverentsile. Lisaks uurisime erinevate andmet\u00fc\u00fcpide m\u00f5ju programmi energiatarbele ning vastav uurimus sai edukalt esitatud NorCAS &#8217;16 konverentsile. Hetkel on k\u00e4sil meetodi laiendamine erinevatele kontrollerplatvormidele kui ka v\u00f5rdlusprogrammide skoobi suurendamine.<\/p>\n\n\n\n<h3>Juhtmevabad personaalv\u00f5rgud (WSN)<\/h3>\n\n\n\n<p>Hetkel&nbsp;(oktoober 2016)&nbsp;v\u00e4hem olulisem uurimis suund, mille raames olin kaastautor ASPIPA &#8217;14 esitatud artiklile, mis k\u00e4sitleb WSN v\u00f5rkude kasutust meditsiinis. WSN v\u00f5rkude seisukohalt huvitab mind andmeedastus marsuutimine, v\u00f5rgu ise-teadlikkus (self-aware) ning energiatarve ja selle ennustamine.<\/p>\n\n\n\n<h3><a href=\"https:\/\/www.etis.ee\/Portal\/Persons\/Display\/43c67363-f81c-42f6-996f-3a826c1735be\" target=\"_blank\" rel=\"noopener noreferrer\">CV ETISes<\/a><\/h3>\n\n\n\n<h3><a href=\"https:\/\/www.researchgate.net\/profile\/Priit_Ruberg\" target=\"_blank\" rel=\"noopener noreferrer\">Researchgate<\/a><\/h3>\n","protected":false},"excerpt":{"rendered":"<p>Energiatarbe hindamine mikrokontrolleritel Energiatarbe hindamine on hetkel (oktoober 2016) minu peamine uurimussuund.&nbsp;Meetod baseerub C-keelel ning selle&nbsp;kasutuseesm\u00e4rk on mikrokontrolleri programmi energiatarbe ennustamine vastavalt eelnevalt koostatud energiatarbe mudelile. Meetodi peamine \u00fclevaade sai esitatud NorCAS &#8217;15 konverentsile, kus see sai suurep\u00e4rase tagasiside. Energiatarbe m\u00f5\u00f5tmiste protsessi kohta v\u00f5eti meie&nbsp;artikkel vastu BEC &#8217;16 konverentsile. Lisaks uurisime erinevate andmet\u00fc\u00fcpide m\u00f5ju programmi [&#8230;]<\/p>\n","protected":false},"author":1,"featured_media":0,"parent":0,"menu_order":0,"comment_status":"closed","ping_status":"closed","template":"","meta":[],"_links":{"self":[{"href":"http:\/\/priit.ati.ttu.ee\/index.php?rest_route=\/wp\/v2\/pages\/2223"}],"collection":[{"href":"http:\/\/priit.ati.ttu.ee\/index.php?rest_route=\/wp\/v2\/pages"}],"about":[{"href":"http:\/\/priit.ati.ttu.ee\/index.php?rest_route=\/wp\/v2\/types\/page"}],"author":[{"embeddable":true,"href":"http:\/\/priit.ati.ttu.ee\/index.php?rest_route=\/wp\/v2\/users\/1"}],"replies":[{"embeddable":true,"href":"http:\/\/priit.ati.ttu.ee\/index.php?rest_route=%2Fwp%2Fv2%2Fcomments&post=2223"}],"version-history":[{"count":3,"href":"http:\/\/priit.ati.ttu.ee\/index.php?rest_route=\/wp\/v2\/pages\/2223\/revisions"}],"predecessor-version":[{"id":12348,"href":"http:\/\/priit.ati.ttu.ee\/index.php?rest_route=\/wp\/v2\/pages\/2223\/revisions\/12348"}],"wp:attachment":[{"href":"http:\/\/priit.ati.ttu.ee\/index.php?rest_route=%2Fwp%2Fv2%2Fmedia&parent=2223"}],"curies":[{"name":"wp","href":"https:\/\/api.w.org\/{rel}","templated":true}]}}