{"id":2120,"date":"2016-09-07T12:43:12","date_gmt":"2016-09-07T09:43:12","guid":{"rendered":"http:\/\/priit.ati.ttu.ee\/?page_id=2120"},"modified":"2020-06-04T14:14:38","modified_gmt":"2020-06-04T12:14:38","slug":"skeemisimulaator","status":"publish","type":"page","link":"http:\/\/priit.ati.ttu.ee\/?page_id=2120","title":{"rendered":"Skeemisimulaator"},"content":{"rendered":"<p style=\"text-align: right;\">\n    <!-- WP Last Modified by Dogan Ucar (https:\/\/www.dogan-ucar.de). -->\n    <!-- This program is distributed in the hope that it will be useful, but WITHOUT ANY WARRANTY;-->\n    <!-- 2016 - 2026 Dogan Ucar. -->Last modified: 2020-06-04 14:14:38<\/p>\n<h3>Skeemi modelleerimine <span style=\"color: #ff6600;\"><a style=\"color: #ff6600;\" href=\"http:\/\/www.falstad.com\/circuit\/\">skeemisimulaatori <\/a><\/span>abil<\/h3>\n<p><a href=\"http:\/\/www.falstad.com\/circuit\/\">Skeemisimulaatori <\/a>kasutamiseks on oluline teada m\u00f5ningaid lihtsaid k\u00e4ske.<\/p>\n<ul>\n<li>Nupp&nbsp;<em><strong>Reset&nbsp;<\/strong><\/em>taasalustab simuleerimise.<\/li>\n<li>Olek&nbsp;<em><strong> Stopped&nbsp;<\/strong><\/em> lubab ajutist peatamist, et skeemi loomise ajal Java-mootor asjatult arvutit ei koormaks. Samas toimub t\u00f6\u00f6 ajal pidev skeemi korrektsuse kontroll.<\/li>\n<li>Men\u00fc\u00fcst&nbsp;<em><strong> Circuits&nbsp;<\/strong><\/em> saab valida erinevaid valmis-skeeme v\u00f5i alustada uue loomist k\u00e4suga&nbsp;<strong>&nbsp;<em>Blank Circuit<\/em><\/strong>.<\/li>\n<li>Komponentide lisamiseks skeemile teha t\u00f6\u00f6alas <strong>paremkl\u00f5ps<\/strong>, misj\u00e4rel saab avanenud men\u00fc\u00fcs juba omale sobiva elemendi lisada.\n<ul>\n<li>Meile on olulised&nbsp;<em><strong>Inputs\/Outputs<\/strong><\/em> men\u00fc\u00fcs olevad&nbsp;<em><strong>Logic Input&nbsp;<\/strong><\/em> ja&nbsp;<em><strong> Logic Output<\/strong><\/em>. Samuti leiab samast men\u00fc\u00fcst ka taktigeneraatori sisendi&nbsp;<em><strong>Clock<\/strong><\/em>.<\/li>\n<li>Loogika ventiilid ja trigerid on leitavad men\u00fc\u00fcde&nbsp;<em><strong>Logic Gates<\/strong><\/em> ja&nbsp;<em><strong> Chips<\/strong><\/em> alt.<\/li>\n<li>K\u00e4sk&nbsp;<em><strong>Add Wire&nbsp;<\/strong><\/em> abil on v\u00f5imalik komponente omavahel <a href=\"https:\/\/slotsups.com\/pyramid-quest-for-immortality\/\" style=\"text-decoration: none; color:#333\">wild gambler<\/a>\u00fchendada. \u00dchendusi on v\u00f5imalik teha ainult viikudelt.\t<a href=\"https:\/\/777slotsroom.com\/jack-and-the-beanstalk-slot\/\" style=\"text-decoration: none; color:#333\">jack and the beanstalk casino slot<\/a><\/li>\n<li>Tehes paremkl\u00f5psu olemasoleval komponendil lubab seda kopeerida, kustutada, lainegraafikule lisada (<em><strong>View in Scope<\/strong><\/em>) ja parameetreid muuta (n\u00e4iteks sisendite\/v\u00e4ljundite arv).<\/li>\n<\/ul>\n<\/li>\n<li>Hiire vasak kl\u00f5ps loob valitud komponendi. Suund ja suurus oleneb sellest, mis suunas kursorit allhoidmise ajal nihutatakse. Kl\u00f5ps koos&nbsp;<em><strong>Ctrl<\/strong><\/em> klaviga lubab komponenti p\u00f6\u00f6rata ja\/v\u00f5i suurust muuta. Kl\u00f5ps koos&nbsp;<em><strong>Shift&nbsp;<\/strong><\/em>klahviga lubab komponendi asukohta muuta. Oluline on t\u00e4hele panna, et juhtmed komponendiga p\u00e4rast liigutamist kaasa ei tule ning tuleb eraldi \u00fcmber paigutada.<\/li>\n<li>Skeemi salvestamine ja laadimine toimub&nbsp;<em><strong>File<\/strong><\/em> men\u00fc\u00fcst k\u00e4skudega&nbsp;<em><strong>Import\/Export<\/strong>.<\/em><\/li>\n<li>Detailne programmi kasutamise inglise keelne juhend on k\u00e4ttesaadav <a href=\"http:\/\/www.falstad.com\/circuit\/directions.html\">siit<\/a>.<\/li>\n<\/ul>\n","protected":false},"excerpt":{"rendered":"<p>Skeemi modelleerimine skeemisimulaatori abil Skeemisimulaatori kasutamiseks on oluline teada m\u00f5ningaid lihtsaid k\u00e4ske. Nupp&nbsp;Reset&nbsp;taasalustab simuleerimise. Olek&nbsp; Stopped&nbsp; lubab ajutist peatamist, et skeemi loomise ajal Java-mootor asjatult arvutit ei koormaks. Samas toimub t\u00f6\u00f6 ajal pidev skeemi korrektsuse kontroll. Men\u00fc\u00fcst&nbsp; Circuits&nbsp; saab valida erinevaid valmis-skeeme v\u00f5i alustada uue loomist k\u00e4suga&nbsp;&nbsp;Blank Circuit. Komponentide lisamiseks skeemile teha t\u00f6\u00f6alas paremkl\u00f5ps, misj\u00e4rel [&#8230;]<\/p>\n","protected":false},"author":1,"featured_media":0,"parent":1269,"menu_order":0,"comment_status":"closed","ping_status":"closed","template":"","meta":[],"_links":{"self":[{"href":"http:\/\/priit.ati.ttu.ee\/index.php?rest_route=\/wp\/v2\/pages\/2120"}],"collection":[{"href":"http:\/\/priit.ati.ttu.ee\/index.php?rest_route=\/wp\/v2\/pages"}],"about":[{"href":"http:\/\/priit.ati.ttu.ee\/index.php?rest_route=\/wp\/v2\/types\/page"}],"author":[{"embeddable":true,"href":"http:\/\/priit.ati.ttu.ee\/index.php?rest_route=\/wp\/v2\/users\/1"}],"replies":[{"embeddable":true,"href":"http:\/\/priit.ati.ttu.ee\/index.php?rest_route=%2Fwp%2Fv2%2Fcomments&post=2120"}],"version-history":[{"count":1,"href":"http:\/\/priit.ati.ttu.ee\/index.php?rest_route=\/wp\/v2\/pages\/2120\/revisions"}],"predecessor-version":[{"id":2121,"href":"http:\/\/priit.ati.ttu.ee\/index.php?rest_route=\/wp\/v2\/pages\/2120\/revisions\/2121"}],"up":[{"embeddable":true,"href":"http:\/\/priit.ati.ttu.ee\/index.php?rest_route=\/wp\/v2\/pages\/1269"}],"wp:attachment":[{"href":"http:\/\/priit.ati.ttu.ee\/index.php?rest_route=%2Fwp%2Fv2%2Fmedia&parent=2120"}],"curies":[{"name":"wp","href":"https:\/\/api.w.org\/{rel}","templated":true}]}}