{"id":1974,"date":"2016-08-24T13:52:34","date_gmt":"2016-08-24T11:52:34","guid":{"rendered":"http:\/\/priit.ati.ttu.ee\/?page_id=1974"},"modified":"2016-12-11T12:38:02","modified_gmt":"2016-12-11T10:38:02","slug":"eagle","status":"publish","type":"page","link":"http:\/\/priit.ati.ttu.ee\/?page_id=1974","title":{"rendered":"Tr\u00fckkplaadi disain"},"content":{"rendered":"<p><strong>Tunnit\u00f6\u00f6:<br \/>\n<\/strong><br \/>\nTutvuda tr\u00fckkplaadi (PCB) disainimisega koos programmiga Eagle.<br \/>\nProgrammi kasutamise abimaterjal saadaval <a href=\"http:\/\/priit.ati.ttu.ee\/?page_id=2047\">SIIT.<\/a><\/p>\n<ul>\n<li>Koostada skeem praktikum 2 targa k\u00fcttes\u00fcsteemi p\u00f5hjal<\/li>\n<li>Alla laadida tunnit\u00f6\u00f6 jaoks vajalik <a href=\"http:\/\/priit.ati.ttu.ee\/wp-content\/uploads\/2016\/12\/smartheating_eagle_project.zip\">projektifail koos teegiga<\/a><\/li>\n<li>Valida vajalikud komponendid<\/li>\n<li>Asetada komponendid plaadile<\/li>\n<li>Komponentide vahel \u00fchenduste loomine<\/li>\n<li>DRC (Design Rule Check)<\/li>\n<\/ul>\n<p><strong>Tark k\u00fcttes\u00fcsteem<\/strong><\/p>\n<p>Tunni\u00fclesanne on disainida tr\u00fckkplaat, mis implementeeriks teises <a href=\"http:\/\/priit.ati.ttu.ee\/?page_id=1251\">harjutustunnis<\/a> l\u00e4bi tehtud targa k\u00fcttes\u00fcsteemi. Sisendid antakse s\u00fcsteemile l\u00e4bi l\u00fckandnuppude ja v\u00e4ljundit simuleerib Led.<\/p>\n<div id=\"attachment_2388\" style=\"width: 1043px\" class=\"wp-caption aligncenter\"><a href=\"http:\/\/priit.ati.ttu.ee\/wp-content\/uploads\/2016\/08\/elementbaas_nor.png\"><img aria-describedby=\"caption-attachment-2388\" loading=\"lazy\" class=\"wp-image-2388 size-full\" src=\"http:\/\/priit.ati.ttu.ee\/wp-content\/uploads\/2016\/08\/elementbaas_nor.png\" width=\"1033\" height=\"440\" srcset=\"http:\/\/priit.ati.ttu.ee\/wp-content\/uploads\/2016\/08\/elementbaas_nor.png 1033w, http:\/\/priit.ati.ttu.ee\/wp-content\/uploads\/2016\/08\/elementbaas_nor-300x128.png 300w, http:\/\/priit.ati.ttu.ee\/wp-content\/uploads\/2016\/08\/elementbaas_nor-768x327.png 768w, http:\/\/priit.ati.ttu.ee\/wp-content\/uploads\/2016\/08\/elementbaas_nor-1024x436.png 1024w\" sizes=\"(max-width: 1033px) 100vw, 1033px\" \/><\/a><p id=\"caption-attachment-2388\" class=\"wp-caption-text\">Joonis 1. Loogikaskeem NOR elementidega<\/p><\/div>\n<div id=\"attachment_2387\" style=\"width: 888px\" class=\"wp-caption alignleft\"><a href=\"http:\/\/priit.ati.ttu.ee\/wp-content\/uploads\/2016\/08\/elementbaas_nand.png\"><img aria-describedby=\"caption-attachment-2387\" loading=\"lazy\" class=\"wp-image-2387 size-full\" src=\"http:\/\/priit.ati.ttu.ee\/wp-content\/uploads\/2016\/08\/elementbaas_nand.png\" width=\"878\" height=\"456\" srcset=\"http:\/\/priit.ati.ttu.ee\/wp-content\/uploads\/2016\/08\/elementbaas_nand.png 878w, http:\/\/priit.ati.ttu.ee\/wp-content\/uploads\/2016\/08\/elementbaas_nand-300x156.png 300w, http:\/\/priit.ati.ttu.ee\/wp-content\/uploads\/2016\/08\/elementbaas_nand-768x399.png 768w\" sizes=\"(max-width: 878px) 100vw, 878px\" \/><\/a><p id=\"caption-attachment-2387\" class=\"wp-caption-text\">Joonis 2. Loogikaskeem NAND elementidega<\/p><\/div>\n<p>&nbsp;<\/p>\n<p>&nbsp;<\/p>\n<p>&nbsp;<\/p>\n<p>&nbsp;<\/p>\n<p>&nbsp;<\/p>\n<p>&nbsp;<\/p>\n<p>&nbsp;<\/p>\n<p>&nbsp;<\/p>\n","protected":false},"excerpt":{"rendered":"<p>Tunnit\u00f6\u00f6: Tutvuda tr\u00fckkplaadi (PCB) disainimisega koos programmiga Eagle. Programmi kasutamise abimaterjal saadaval SIIT. Koostada skeem praktikum 2 targa k\u00fcttes\u00fcsteemi p\u00f5hjal Alla laadida tunnit\u00f6\u00f6 jaoks vajalik projektifail koos teegiga Valida vajalikud komponendid Asetada komponendid plaadile Komponentide vahel \u00fchenduste loomine DRC (Design Rule Check) Tark k\u00fcttes\u00fcsteem Tunni\u00fclesanne on disainida tr\u00fckkplaat, mis implementeeriks teises harjutustunnis l\u00e4bi tehtud targa [&#8230;]<\/p>\n","protected":false},"author":1,"featured_media":0,"parent":1246,"menu_order":0,"comment_status":"closed","ping_status":"closed","template":"","meta":[],"_links":{"self":[{"href":"http:\/\/priit.ati.ttu.ee\/index.php?rest_route=\/wp\/v2\/pages\/1974"}],"collection":[{"href":"http:\/\/priit.ati.ttu.ee\/index.php?rest_route=\/wp\/v2\/pages"}],"about":[{"href":"http:\/\/priit.ati.ttu.ee\/index.php?rest_route=\/wp\/v2\/types\/page"}],"author":[{"embeddable":true,"href":"http:\/\/priit.ati.ttu.ee\/index.php?rest_route=\/wp\/v2\/users\/1"}],"replies":[{"embeddable":true,"href":"http:\/\/priit.ati.ttu.ee\/index.php?rest_route=%2Fwp%2Fv2%2Fcomments&post=1974"}],"version-history":[{"count":8,"href":"http:\/\/priit.ati.ttu.ee\/index.php?rest_route=\/wp\/v2\/pages\/1974\/revisions"}],"predecessor-version":[{"id":2397,"href":"http:\/\/priit.ati.ttu.ee\/index.php?rest_route=\/wp\/v2\/pages\/1974\/revisions\/2397"}],"up":[{"embeddable":true,"href":"http:\/\/priit.ati.ttu.ee\/index.php?rest_route=\/wp\/v2\/pages\/1246"}],"wp:attachment":[{"href":"http:\/\/priit.ati.ttu.ee\/index.php?rest_route=%2Fwp%2Fv2%2Fmedia&parent=1974"}],"curies":[{"name":"wp","href":"https:\/\/api.w.org\/{rel}","templated":true}]}}