{"id":1341,"date":"2015-02-18T10:35:50","date_gmt":"2015-02-18T08:35:50","guid":{"rendered":"http:\/\/priit.ati.ttu.ee\/?page_id=1341"},"modified":"2020-12-21T16:10:23","modified_gmt":"2020-12-21T14:10:23","slug":"tagasiside","status":"publish","type":"page","link":"http:\/\/priit.ati.ttu.ee\/?page_id=1341","title":{"rendered":"Tagasiside"},"content":{"rendered":"<p>* t\u00e4histatud v\u00e4ljad on kohustuslikud.<\/p>\n<p>Teatesse v\u00f5iksid kirjutada mis meeldis\/ei meeldinud praktikumides. Samuti kui leiad, et midagi saaks paremini teha pane ka see kirja. Oodatud on loomulikult ka omapoolsed arvamused\/ettepanekud.<\/p>\n","protected":false},"excerpt":{"rendered":"<p>* t\u00e4histatud v\u00e4ljad on kohustuslikud. Teatesse v\u00f5iksid kirjutada mis meeldis\/ei meeldinud praktikumides. Samuti kui leiad, et midagi saaks paremini teha pane ka see kirja. Oodatud on loomulikult ka omapoolsed arvamused\/ettepanekud.<\/p>\n","protected":false},"author":1,"featured_media":0,"parent":1246,"menu_order":9,"comment_status":"closed","ping_status":"closed","template":"","meta":[],"_links":{"self":[{"href":"http:\/\/priit.ati.ttu.ee\/index.php?rest_route=\/wp\/v2\/pages\/1341"}],"collection":[{"href":"http:\/\/priit.ati.ttu.ee\/index.php?rest_route=\/wp\/v2\/pages"}],"about":[{"href":"http:\/\/priit.ati.ttu.ee\/index.php?rest_route=\/wp\/v2\/types\/page"}],"author":[{"embeddable":true,"href":"http:\/\/priit.ati.ttu.ee\/index.php?rest_route=\/wp\/v2\/users\/1"}],"replies":[{"embeddable":true,"href":"http:\/\/priit.ati.ttu.ee\/index.php?rest_route=%2Fwp%2Fv2%2Fcomments&post=1341"}],"version-history":[{"count":7,"href":"http:\/\/priit.ati.ttu.ee\/index.php?rest_route=\/wp\/v2\/pages\/1341\/revisions"}],"predecessor-version":[{"id":12338,"href":"http:\/\/priit.ati.ttu.ee\/index.php?rest_route=\/wp\/v2\/pages\/1341\/revisions\/12338"}],"up":[{"embeddable":true,"href":"http:\/\/priit.ati.ttu.ee\/index.php?rest_route=\/wp\/v2\/pages\/1246"}],"wp:attachment":[{"href":"http:\/\/priit.ati.ttu.ee\/index.php?rest_route=%2Fwp%2Fv2%2Fmedia&parent=1341"}],"curies":[{"name":"wp","href":"https:\/\/api.w.org\/{rel}","templated":true}]}}