{"id":1334,"date":"2015-02-17T12:24:21","date_gmt":"2015-02-17T10:24:21","guid":{"rendered":"http:\/\/priit.ati.ttu.ee\/?page_id=1334"},"modified":"2016-09-07T13:05:20","modified_gmt":"2016-09-07T10:05:20","slug":"konsultatsioon","status":"publish","type":"page","link":"http:\/\/priit.ati.ttu.ee\/?page_id=1334","title":{"rendered":"Konsultatsioon"},"content":{"rendered":"<p><img loading=\"lazy\" class=\"aligncenter size-medium wp-image-1335\" src=\"http:\/\/priit.ati.ttu.ee\/wp-content\/uploads\/2015\/02\/consultations-233x300.png\" alt=\"consultations\" width=\"233\" height=\"300\" srcset=\"http:\/\/priit.ati.ttu.ee\/wp-content\/uploads\/2015\/02\/consultations-233x300.png 233w, http:\/\/priit.ati.ttu.ee\/wp-content\/uploads\/2015\/02\/consultations.png 409w\" sizes=\"(max-width: 233px) 100vw, 233px\" \/>Priit Rubergi konsultatsiooni aeg s\u00fcgisel 2016 on esmasp\u00e4eviti algusega kell 14:15 ruumis ICT-512. Vajalik eelnev registreerimine emaili teel: priit.ruberg[\u00e4t]ati.ttu.ee<\/p>\n","protected":false},"excerpt":{"rendered":"<p>Priit Rubergi konsultatsiooni aeg s\u00fcgisel 2016 on esmasp\u00e4eviti algusega kell 14:15 ruumis ICT-512. Vajalik eelnev registreerimine emaili teel: priit.ruberg[\u00e4t]ati.ttu.ee<\/p>\n","protected":false},"author":1,"featured_media":0,"parent":1246,"menu_order":9,"comment_status":"closed","ping_status":"closed","template":"","meta":[],"_links":{"self":[{"href":"http:\/\/priit.ati.ttu.ee\/index.php?rest_route=\/wp\/v2\/pages\/1334"}],"collection":[{"href":"http:\/\/priit.ati.ttu.ee\/index.php?rest_route=\/wp\/v2\/pages"}],"about":[{"href":"http:\/\/priit.ati.ttu.ee\/index.php?rest_route=\/wp\/v2\/types\/page"}],"author":[{"embeddable":true,"href":"http:\/\/priit.ati.ttu.ee\/index.php?rest_route=\/wp\/v2\/users\/1"}],"replies":[{"embeddable":true,"href":"http:\/\/priit.ati.ttu.ee\/index.php?rest_route=%2Fwp%2Fv2%2Fcomments&post=1334"}],"version-history":[{"count":6,"href":"http:\/\/priit.ati.ttu.ee\/index.php?rest_route=\/wp\/v2\/pages\/1334\/revisions"}],"predecessor-version":[{"id":2128,"href":"http:\/\/priit.ati.ttu.ee\/index.php?rest_route=\/wp\/v2\/pages\/1334\/revisions\/2128"}],"up":[{"embeddable":true,"href":"http:\/\/priit.ati.ttu.ee\/index.php?rest_route=\/wp\/v2\/pages\/1246"}],"wp:attachment":[{"href":"http:\/\/priit.ati.ttu.ee\/index.php?rest_route=%2Fwp%2Fv2%2Fmedia&parent=1334"}],"curies":[{"name":"wp","href":"https:\/\/api.w.org\/{rel}","templated":true}]}}