{"id":1269,"date":"2015-02-11T12:46:56","date_gmt":"2015-02-11T10:46:56","guid":{"rendered":"http:\/\/tainas.pld.ttu.ee\/?page_id=1269"},"modified":"2020-12-21T16:42:21","modified_gmt":"2020-12-21T14:42:21","slug":"abimaterjalid","status":"publish","type":"page","link":"http:\/\/priit.ati.ttu.ee\/?page_id=1269","title":{"rendered":"Abimaterjalid"},"content":{"rendered":"\n<h2>Programmide juhendid<\/h2>\n\n\n\n<p><a href=\"http:\/\/priit.ati.ttu.ee\/?page_id=2033\" target=\"_blank\" rel=\"noopener noreferrer\">Modelsim <\/a>&#8211; VHDL\/Verilog\/SystemC simulaator.<br><a href=\"http:\/\/priit.ati.ttu.ee\/?page_id=2046\" target=\"_blank\" rel=\"noopener noreferrer\">ISE <\/a>&#8211; VHDL simulaator.<br><a href=\"http:\/\/priit.ati.ttu.ee\/?page_id=2100\" target=\"_blank\" rel=\"noopener noreferrer\">Design Vision<\/a> &#8211; s\u00fcntesaator.<br><a href=\"http:\/\/priit.ati.ttu.ee\/?page_id=2059\" target=\"_blank\" rel=\"noopener noreferrer\">Adept 2<\/a> &#8211; Digilent FPGA plaatide programmeerimine.<br><a href=\"http:\/\/priit.ati.ttu.ee\/?page_id=2047\" target=\"_blank\" rel=\"noopener noreferrer\">Eagle <\/a>&#8211; PCB disain.<br><a href=\"http:\/\/priit.ati.ttu.ee\/?page_id=2117\" target=\"_blank\" rel=\"noopener noreferrer\">Karnaugh minimeerija<\/a>&nbsp;&nbsp;&#8211; Karnaugh kaardi minimeerimine \u00e4pp.<br><a href=\"http:\/\/priit.ati.ttu.ee\/?page_id=2120\" target=\"_blank\" rel=\"noopener noreferrer\">Skeemisimulaator <\/a>&#8211; lihtne simulaatori \u00e4pp.<\/p>\n\n\n\n<h2>Arvutiklassi ICT-502A\/B kaugligip\u00e4\u00e4s<\/h2>\n\n\n\n<p>Linuxis olevatesse arvutitesse saab v\u00e4ljaspoolt TT\u00dc v\u00f5rku sisse. Selleks kasutatakse X11 protokolli. Saamaks teada, milline arvuti on Linuxis v\u00f5i mitte, kontrolli <a href=\"http:\/\/ati.ttu.ee\/klassi-staatus\/\" target=\"_new\" rel=\"noopener noreferrer\">siit<\/a>.<\/p>\n\n\n<div id=\"pressrelease-link-1269\" class=\"sh-link pressrelease-link sh-hide\"><a href=\"#\" onclick=\"showhide_toggle('pressrelease', 1269, 'Loe lisaks!', 'Peida tekst!'); return false;\" aria-expanded=\"false\"><span id=\"pressrelease-toggle-1269\">Loe lisaks!<\/span><\/a><\/div><div id=\"pressrelease-content-1269\" class=\"sh-content pressrelease-content sh-hide\" style=\"display: none;\"><\/p>\n<h3>Linuxi kasutajate jaoks on k\u00e4sujada j\u00e4rgmine:<\/h3>\n<ul>\n<li>K\u00e4ivita konsoolis <b>xterm<\/b><\/li>\n<li>Sisesta xtermi aknasse k\u00e4sk <b>ssh -X -l kasutajanimi@intra.ttu.ee proksi.intra.ttu.ee<\/b><\/li>\n<li>Sisesta parool<\/li>\n<li><a style=\"text-decoration: none; color: #333;\" href=\"https:\/\/it.medadvice.net\/\">medadvice<\/a> Sisesta k\u00e4sk <a style=\"text-decoration: none; color: #333;\" href=\"https:\/\/xjobs.org\/\">\u043a\u0430\u043a \u043d\u0430\u0439\u0442\u0438 \u0440\u0430\u0431\u043e\u0442\u0443 \u0432 \u043a\u0440\u0430\u0441\u043d\u043e\u0434\u0430\u0440\u0435<\/a> <b>ssh -X -l username@intra.ttu.ee lx22.pld.ttu.ee<\/b><\/li>\n<li>Sisesta parool<\/li>\n<li>Alusta t\u00f6\u00f6d!<\/li>\n<\/ul>\n<h3>Windowsi kasutajad<\/h3>\n<p>T\u00f5mba alla j\u00e4rgnevad programmid:<\/p>\n<ol>\n<li><a href=\"http:\/\/www.chiark.greenend.org.uk\/~sgtatham\/putty\/download.html\" target=\"_new\" rel=\"noopener noreferrer\"> PuTTy<\/a><\/li>\n<li><a href=\"http:\/\/sourceforge.net\/projects\/xming\/files\/Xming\/6.9.0.31\/Xming-6-9-0-31-setup.exe\/download\" target=\"_new\" rel=\"noopener noreferrer\"> Xming<\/a><\/li>\n<li><a href=\"http:\/\/sourceforge.net\/projects\/xming\/files\/Xming-fonts\/7.5.0.47\/Xming-fonts-7-5-0-47-setup.exe\/download\" target=\"_new\" rel=\"noopener noreferrer\"> Xming fonts<\/a><br \/>\n*vajalik Cadence kasutajatele<\/li>\n<\/ol>\n<p>Paigalda programmid vastavas <a style=\"text-decoration: none; color: #333;\" href=\"https:\/\/jobitel.com\/\">job fairs near me<\/a> j\u00e4rjekorras:<\/p>\n<ul>\n<li>Xming<\/li>\n<li>Xming fonts<\/li>\n<li>PuTTy<\/li>\n<\/ul>\n<p>Programmide k\u00e4ivitamise j\u00e4rjekord:<\/p>\n<ul>\n<li>Xming<\/li>\n<li>PuTTy<\/li>\n<li>PuTTy seadistamine<\/li>\n<\/ul>\n<h3>PuTTy seadistamine<\/h3>\n<p>V\u00f5imaldada X11 edastamine.<\/p>\n<p><img src=\"http:\/\/priit.ati.ttu.ee\/wp-content\/uploads\/2015\/02\/putty1.png\" alt=\"session\" \/><\/p>\n<p>Seansi parameetrid. Soovitus on seanss salvestada, et v\u00e4ltida teistkordset seadistamist<br \/>\nj\u00e4rgmisel k\u00e4ivitusel. Selleks anna seansile sobiv nimi ning vajuta <b>save<\/b>.<\/p>\n<p><img src=\"http:\/\/priit.ati.ttu.ee\/wp-content\/uploads\/2015\/02\/ssh1.png\" alt=\"session\" \/><\/p>\n<p>Kui Putty turvaaken avaneb, siis vajutada &#8220;yes&#8221;. See juhtub ainult esimesel \u00fchendusel uuest arvutist.<\/p>\n<p><img src=\"http:\/\/priit.ati.ttu.ee\/wp-content\/uploads\/2015\/02\/ssh2.png\" alt=\"session\" \/><\/p>\n<p>Logi sisse oma kasutajanime ja parooliga. <span style=\"color: red;\">Pane t\u00e4hele, et sa pead lisama &#8220;@intra.ttu.ee&#8221; oma kasutajanime l\u00f5ppu..<\/span><\/p>\n<p><img src=\"http:\/\/priit.ati.ttu.ee\/wp-content\/uploads\/2015\/02\/ssh3.png\" alt=\"login\" \/><\/p>\n<p>N\u00fc\u00fcd on sul \u00fchendus proksiserveriga (puhverserveriga). J\u00e4rgnevalt loo \u00fchendus sobiva arvutiklassi arvutiga (mis on Linux keskkonnas).<\/p>\n<p><img src=\"http:\/\/priit.ati.ttu.ee\/wp-content\/uploads\/2015\/02\/ssh4.png\" alt=\"ssh\" \/><\/p>\n<p>N\u00fc\u00fcd on sul \u00fchendus arvutiga lx22 (\u00f5ppej\u00f5u arvuti ICT-502A klassis). Alusta t\u00f6\u00f6d!<\/p>\n<p><img src=\"http:\/\/priit.ati.ttu.ee\/wp-content\/uploads\/2015\/02\/ssh6.png\" alt=\"ssh\" \/><\/p>\n<p>X11 protokolli korrektse t\u00f6\u00f6 testimiseks v\u00f5ib proovida k\u00e4ivitada kella programmi. Selleks sisestada k\u00e4sk <b>xclock<\/b>. Seansi l\u00f5petamiseks sisestada <b>exit<\/b>.<\/p>\n<p><img src=\"http:\/\/priit.ati.ttu.ee\/wp-content\/uploads\/2015\/02\/xclock.png\" alt=\"ssh\" \/><br \/>\n<\/div>\n","protected":false},"excerpt":{"rendered":"<p>Programmide juhendid Modelsim &#8211; VHDL\/Verilog\/SystemC simulaator.ISE &#8211; VHDL simulaator.Design Vision &#8211; s\u00fcntesaator.Adept 2 &#8211; Digilent FPGA plaatide programmeerimine.Eagle &#8211; PCB disain.Karnaugh minimeerija&nbsp;&nbsp;&#8211; Karnaugh kaardi minimeerimine \u00e4pp.Skeemisimulaator &#8211; lihtne simulaatori \u00e4pp. Arvutiklassi ICT-502A\/B kaugligip\u00e4\u00e4s Linuxis olevatesse arvutitesse saab v\u00e4ljaspoolt TT\u00dc v\u00f5rku sisse. Selleks kasutatakse X11 protokolli. Saamaks teada, milline arvuti on Linuxis v\u00f5i mitte, kontrolli siit.<\/p>\n","protected":false},"author":1,"featured_media":0,"parent":0,"menu_order":0,"comment_status":"closed","ping_status":"closed","template":"","meta":[],"_links":{"self":[{"href":"http:\/\/priit.ati.ttu.ee\/index.php?rest_route=\/wp\/v2\/pages\/1269"}],"collection":[{"href":"http:\/\/priit.ati.ttu.ee\/index.php?rest_route=\/wp\/v2\/pages"}],"about":[{"href":"http:\/\/priit.ati.ttu.ee\/index.php?rest_route=\/wp\/v2\/types\/page"}],"author":[{"embeddable":true,"href":"http:\/\/priit.ati.ttu.ee\/index.php?rest_route=\/wp\/v2\/users\/1"}],"replies":[{"embeddable":true,"href":"http:\/\/priit.ati.ttu.ee\/index.php?rest_route=%2Fwp%2Fv2%2Fcomments&post=1269"}],"version-history":[{"count":26,"href":"http:\/\/priit.ati.ttu.ee\/index.php?rest_route=\/wp\/v2\/pages\/1269\/revisions"}],"predecessor-version":[{"id":12349,"href":"http:\/\/priit.ati.ttu.ee\/index.php?rest_route=\/wp\/v2\/pages\/1269\/revisions\/12349"}],"wp:attachment":[{"href":"http:\/\/priit.ati.ttu.ee\/index.php?rest_route=%2Fwp%2Fv2%2Fmedia&parent=1269"}],"curies":[{"name":"wp","href":"https:\/\/api.w.org\/{rel}","templated":true}]}}