{"id":1267,"date":"2015-02-11T12:46:23","date_gmt":"2015-02-11T10:46:23","guid":{"rendered":"http:\/\/tainas.pld.ttu.ee\/?page_id=1267"},"modified":"2020-12-21T16:10:42","modified_gmt":"2020-12-21T14:10:42","slug":"tulemused","status":"publish","type":"page","link":"http:\/\/priit.ati.ttu.ee\/?page_id=1267","title":{"rendered":"Tulemused"},"content":{"rendered":"<p>Testi on v\u00f5imalik teha kaks korda.<br \/>\nTesti teistkordsel tegemisel arvutatakse eelmise ja uue tulemuse p\u00f5hjal keskmine, mis l\u00e4heb praktikumide punkti arvestusse.<\/p>\n<p>Kui testi \u00fcritatakse rohkem teha kui kaks korda <span style=\"color: #ff0000;\">v\u00f5i\/ja kodust<\/span> siis ootab tegijat \u00fcllatus \ud83d\ude09<\/p>\n","protected":false},"excerpt":{"rendered":"<p>Testi on v\u00f5imalik teha kaks korda. Testi teistkordsel tegemisel arvutatakse eelmise ja uue tulemuse p\u00f5hjal keskmine, mis l\u00e4heb praktikumide punkti arvestusse. Kui testi \u00fcritatakse rohkem teha kui kaks korda v\u00f5i\/ja kodust siis ootab tegijat \u00fcllatus \ud83d\ude09<\/p>\n","protected":false},"author":1,"featured_media":0,"parent":1246,"menu_order":9,"comment_status":"closed","ping_status":"closed","template":"","meta":[],"_links":{"self":[{"href":"http:\/\/priit.ati.ttu.ee\/index.php?rest_route=\/wp\/v2\/pages\/1267"}],"collection":[{"href":"http:\/\/priit.ati.ttu.ee\/index.php?rest_route=\/wp\/v2\/pages"}],"about":[{"href":"http:\/\/priit.ati.ttu.ee\/index.php?rest_route=\/wp\/v2\/types\/page"}],"author":[{"embeddable":true,"href":"http:\/\/priit.ati.ttu.ee\/index.php?rest_route=\/wp\/v2\/users\/1"}],"replies":[{"embeddable":true,"href":"http:\/\/priit.ati.ttu.ee\/index.php?rest_route=%2Fwp%2Fv2%2Fcomments&post=1267"}],"version-history":[{"count":26,"href":"http:\/\/priit.ati.ttu.ee\/index.php?rest_route=\/wp\/v2\/pages\/1267\/revisions"}],"predecessor-version":[{"id":12339,"href":"http:\/\/priit.ati.ttu.ee\/index.php?rest_route=\/wp\/v2\/pages\/1267\/revisions\/12339"}],"up":[{"embeddable":true,"href":"http:\/\/priit.ati.ttu.ee\/index.php?rest_route=\/wp\/v2\/pages\/1246"}],"wp:attachment":[{"href":"http:\/\/priit.ati.ttu.ee\/index.php?rest_route=%2Fwp%2Fv2%2Fmedia&parent=1267"}],"curies":[{"name":"wp","href":"https:\/\/api.w.org\/{rel}","templated":true}]}}