{"id":1265,"date":"2015-02-11T12:45:47","date_gmt":"2015-02-11T10:45:47","guid":{"rendered":"http:\/\/tainas.pld.ttu.ee\/?page_id=1265"},"modified":"2016-10-25T12:46:58","modified_gmt":"2016-10-25T10:46:58","slug":"praktikumide-kord","status":"publish","type":"page","link":"http:\/\/priit.ati.ttu.ee\/?page_id=1265","title":{"rendered":"Praktikumide\/harjutuste kord"},"content":{"rendered":"<h2>Praktikumides\/harjutustes osalemine kord<\/h2>\n<ul>\n<li>S\u00fcgisel 2016 on praktikumid\/harjutustunnid \u00fchendatud ning otseselt eraldi arvestust praktikumi-harjutuse kohta ei peeta;<\/li>\n<li>praktikumides\/harjutustes osalemine ei ole kohustuslik;<\/li>\n<li>praktikumides on v\u00f5imalik teenida kokku 30 punkti;<\/li>\n<li>praktikumide punktid on osa aine l\u00f5pphindest;<\/li>\n<li>praktikumidest osav\u00f5tt eeldab iseseisvat t\u00f6\u00f6d;<\/li>\n<li>praktikumide testide eest saadavad\u00a0punktid arvutataks testide keskmise tulemuse alusel;<\/li>\n<li>praktikumide testi tulemust ei saa parandada, v.a. juhul, kui testi ei saanud sooritada (haigus, s\u00f5jav\u00e4gi vms + p\u00f5hjendus);<\/li>\n<li>praktikumide testi\u00a0sooritamiseks muul ajal, kui testin\u00e4dalal v\u00f5tta aegsasti \u00fchendust praktikumide \u00f5ppej\u00f5uga;<\/li>\n<li>praktikumides rakendadakse\u00a0<a href=\"http:\/\/www.ttu.ee\/infotehnoloogia-teaduskond\/infotehnoloogia-teaduskond-1\/it-tudengile\/oppetookorraldus-3\/vaaritu-kaitumise-menetlemise-kord\/\" target=\"_blank\">akadeemiliste tavade rikkumise ja v\u00e4\u00e4ritu k\u00e4itumise menetlemise korda<\/a>.<\/li>\n<\/ul>\n<h2>Praktikumide punktide jagunemine<\/h2>\n<p>Praktikumis on v\u00f5imalik kokku teenida 30 punkti, mis l\u00e4hevad arvesse aine l\u00f5pphinde moodustumisel.<\/p>\n<ul>\n<li>Praktikumide \u00fclesanne &#8211; 15 punkti<\/li>\n<li>Praktikumides l\u00e4biviidavad testid &#8211; 15 punkti<\/li>\n<\/ul>\n<p>Iga testi puhul l\u00e4heb arvesse \u00f5igete vastuste protsent, mille alusel arvutatakse testide keskmine \u00f5igete vastuste protsent.<\/p>\n<p>N\u00e4ide: test 1 &#8211; 50%; test 2 &#8211; 60%; test 3 &#8211; 30 %; test 4 &#8211; 100%; test 5 &#8211; 0 %<\/p>\n<p>Keskmine tulemus = (50% + 60% + 3%0 + 100% + 0%) \/ 5 = 48 %<\/p>\n<p>Punktid: 15 punkti * 48% = 7,2 punkti<\/p>\n<h2>T\u00e4htajad<\/h2>\n<ul>\n<li>Kodut\u00f6\u00f6de t\u00e4htajad on kirjas vastava kodut\u00f6\u00f6 \u00fclesande juures.<\/li>\n<li>Praktikumi \u00fclesande t\u00e4htaeg on 12. \u00f5ppen\u00e4dala tund, p\u00e4rast mida (ilma etteteatatud p\u00f5hjuseta) enam \u00fclesannet kaitsta ei saa.<\/li>\n<\/ul>\n<h2>Aine punktide jagunemine<\/h2>\n<p>Kodut\u00f6\u00f6 I -25 punkti<br \/>\nKodut\u00f6\u00f6 II &#8211; 15 punkti<br \/>\nPraktikumid &#8211; 30 punkti<br \/>\nEksam &#8211; 30 punkti<\/p>\n<p>Kokku 100 punkti.<\/p>\n<p>&nbsp;<\/p>\n","protected":false},"excerpt":{"rendered":"<p>Praktikumides\/harjutustes osalemine kord S\u00fcgisel 2016 on praktikumid\/harjutustunnid \u00fchendatud ning otseselt eraldi arvestust praktikumi-harjutuse kohta ei peeta; praktikumides\/harjutustes osalemine ei ole kohustuslik; praktikumides on v\u00f5imalik teenida kokku 30 punkti; praktikumide punktid on osa aine l\u00f5pphindest; praktikumidest osav\u00f5tt eeldab iseseisvat t\u00f6\u00f6d; praktikumide testide eest saadavad\u00a0punktid arvutataks testide keskmise tulemuse alusel; praktikumide testi tulemust ei saa parandada, v.a. [&#8230;]<\/p>\n","protected":false},"author":1,"featured_media":0,"parent":1246,"menu_order":8,"comment_status":"closed","ping_status":"closed","template":"","meta":[],"_links":{"self":[{"href":"http:\/\/priit.ati.ttu.ee\/index.php?rest_route=\/wp\/v2\/pages\/1265"}],"collection":[{"href":"http:\/\/priit.ati.ttu.ee\/index.php?rest_route=\/wp\/v2\/pages"}],"about":[{"href":"http:\/\/priit.ati.ttu.ee\/index.php?rest_route=\/wp\/v2\/types\/page"}],"author":[{"embeddable":true,"href":"http:\/\/priit.ati.ttu.ee\/index.php?rest_route=\/wp\/v2\/users\/1"}],"replies":[{"embeddable":true,"href":"http:\/\/priit.ati.ttu.ee\/index.php?rest_route=%2Fwp%2Fv2%2Fcomments&post=1265"}],"version-history":[{"count":21,"href":"http:\/\/priit.ati.ttu.ee\/index.php?rest_route=\/wp\/v2\/pages\/1265\/revisions"}],"predecessor-version":[{"id":2268,"href":"http:\/\/priit.ati.ttu.ee\/index.php?rest_route=\/wp\/v2\/pages\/1265\/revisions\/2268"}],"up":[{"embeddable":true,"href":"http:\/\/priit.ati.ttu.ee\/index.php?rest_route=\/wp\/v2\/pages\/1246"}],"wp:attachment":[{"href":"http:\/\/priit.ati.ttu.ee\/index.php?rest_route=%2Fwp%2Fv2%2Fmedia&parent=1265"}],"curies":[{"name":"wp","href":"https:\/\/api.w.org\/{rel}","templated":true}]}}