{"id":1246,"date":"2015-02-11T12:40:22","date_gmt":"2015-02-11T10:40:22","guid":{"rendered":"http:\/\/tainas.pld.ttu.ee\/?page_id=1246"},"modified":"2020-12-21T16:10:01","modified_gmt":"2020-12-21T14:10:01","slug":"digitaalsusteemid","status":"publish","type":"page","link":"http:\/\/priit.ati.ttu.ee\/?page_id=1246","title":{"rendered":"Digitaals\u00fcsteemid &#8217;17"},"content":{"rendered":"<p><b><span style=\"color: #ff0000;\">NB! Teemade nimetused ja j\u00e4rjekord v\u00f5ib osaliselt muutuda! Samuti v\u00f5ib muutuda materjali jaotus tundide vahel.<\/span><\/b><\/p>\n<hr \/>\n<h2><span style=\"color: #ff0000;\">J\u00e4relt\u00f6id on v\u00f5imalik teha j\u00e4rgmistel aegadel:<\/span><\/h2>\n<p><span style=\"color: #ff0000;\"><br \/>\nEsmasp\u00e4ev ( 19.12 ):<\/span><\/p>\n<ul>\n<li><span style=\"color: #ff0000;\">18:30 &#8211; Test 3<\/span> &#8211; <a href=\"https:\/\/goo.gl\/forms\/heQKJvqdSVtYKOmZ2\">j\u00e4relt\u00f6\u00f6 link<\/a><\/li>\n<li><span style=\"color: #ff0000;\">19:00 &#8211; Test 4 ja 5<\/span> &#8211; J\u00e4relt\u00f6\u00f6 link: <a href=\"https:\/\/goo.gl\/forms\/gPqwHJpnHOaYA8LW2\">Test 4<\/a>; <a href=\"https:\/\/goo.gl\/forms\/xWlRZbZmGqN5K4gQ2\">Test 5<\/a><\/li>\n<\/ul>\n<p><span style=\"color: #ff0000;\">Neljap\u00e4ev ( 21.12 ):<\/span><\/p>\n<ul>\n<li><span style=\"color: #ff0000;\">15:00 &#8211; Test 3<\/span> &#8211; <a href=\"https:\/\/goo.gl\/forms\/heQKJvqdSVtYKOmZ2\">j\u00e4relt\u00f6\u00f6 link<\/a><\/li>\n<li><span style=\"color: #ff0000;\">15:30 &#8211; Test 4 ja 5<\/span> &#8211; J\u00e4relt\u00f6\u00f6 link: <a href=\"https:\/\/goo.gl\/forms\/o9PkHB8hnGBEsvim2\">Test 4<\/a>; <a href=\"https:\/\/goo.gl\/forms\/xWlRZbZmGqN5K4gQ2\">Test 5<\/a><\/li>\n<\/ul>\n<h2><span style=\"color: #ff0000;\">Kohal tuleb olla v\u00e4hemalt 10 minutit ennem testi, et te j\u00f5uaks arvutisse sisse logida ja test valmis panna!\u00a0<\/span><\/h2>\n<p><del>V\u00f5imalikud j\u00e4relt\u00f6\u00f6de ajad leiad <a href=\"https:\/\/doodle.com\/poll\/im45hybr63e8efq3\" target=\"_blank\" rel=\"noopener\"><b>siit<\/b><\/a>.<\/del><br \/>\n<del> <b><span style=\"color: #ff0000;\">Populaarsematel aegadel toimuvad j\u00e4relt\u00f6\u00f6d.<\/span><\/b><\/del><\/p>\n<p><del><b><span style=\"color: #ff0000;\"> &#8212;&gt; NB!! &lt;&#8212; Palun kirjutage kommentaaridesse millist j\u00e4relt\u00f6\u00f6(i)d soovite teha!<br \/>\nKui te seda ei tee, siis valin ise mis ajal (Test 3, 4 ja 5) j\u00e4relt\u00f6\u00f6d toimuvad.<\/span><\/b><\/del><\/p>\n<p><del>Doodel l\u00e4heb lukku laup\u00e4eva (16. detsember 2017) \u00f5htul kell 22:00.<\/del><\/p>\n<hr \/>\n<p><strong>Sisu jaguneb kolmeks: K &#8211; kirjutamine, A &#8211; arvuti kasutamine, T &#8211; test<\/strong><\/p>\n<div class=\"table-responsive\"><table  style=\"width:650px; \"  class=\"easy-table easy-table-default \" border=\"10\">\n<caption>P\u00e4eva\u00f5ppe praktikumid ja harjutused s\u00fcgis 2017<\/caption>\n<thead>\r\n<tr><th  style=\"width:10px\" >N\u00e4dal<\/th>\n<th  style=\"width:40px\" >\u00d5ppej\u00f5ud<\/th>\n<th  style=\"width:80px\" >\u00a0Sisu (KAT)<\/th>\n<th  style=\"width:280px\" > <b><span style=\"color: #ff0000;\">Ettevalmistus<\/span><\/b><\/th>\n<th  style=\"width:240px\" > Materjal<\/th>\n<\/tr>\n<\/thead>\n<tbody>\r\n<tr><td >1<\/td>\n<td >Ellervee<\/td>\n<td >K<\/td>\n<td ><\/td>\n<td ><a href=\"http:\/\/mini.pld.ttu.ee\/~lrv\/IAY0150\/exercise-1.pdf\" target=\"_blank\" rel=\"noopener\">Diskreetne matemaatika, graafiteooria alused<\/a><\/td>\n<\/tr>\n\r\n<tr><td >2<\/td>\n<td >Ellervee, Selg<\/td>\n<td >K-A<\/td>\n<td ><\/td>\n<td ><a href=\"http:\/\/priit.ati.ttu.ee\/?page_id=1642\">Kodut\u00f6\u00f6 I tutvustus<\/a>,<a href=\"http:\/\/priit.ati.ttu.ee\/?page_id=1251\">Digitaalsed teisendused<\/a><\/td>\n<\/tr>\n\r\n<tr><td >3<\/td>\n<td >Selg<\/td>\n<td >K-A-T<\/td>\n<td ><div id=\"n3-link-1246\" class=\"sh-link n3-link sh-hide\"><a href=\"#\" onclick=\"showhide_toggle('n3', 1246, 'N\u00e4ita', 'Peida'); return false;\" aria-expanded=\"false\"><span id=\"n3-toggle-1246\">N\u00e4ita<\/span><\/a><\/div><div id=\"n3-content-1246\" class=\"sh-content n3-content sh-hide\" style=\"display: none;\">Arvutada v\u00e4lja Kodut\u00f6\u00f6 I t\u00f5ev\u00e4\u00e4rtustabel, Test: korrata diskreetse matemaatika teooriat.<\/div><\/td>\n<td ><a href=\"http:\/\/priit.ati.ttu.ee\/?page_id=1618\">Espresso minimeerija<\/a><\/td>\n<\/tr>\n\r\n<tr><td >4<\/td>\n<td >Ellervee<\/td>\n<td >K-A<\/td>\n<td ><\/td>\n<td ><a href=\"http:\/\/priit.ati.ttu.ee\/?page_id=1642\">Kodut\u00f6\u00f6 I tutvustus<\/a>,\u00a0<a href=\"http:\/\/mini.pld.ttu.ee\/~lrv\/IAY0150\/exercise-2.pdf\" target=\"_blank\" rel=\"noopener\">Loogikafunktsioonide s\u00fcsteemi minimeerimine<\/a><\/td>\n<\/tr>\n\r\n<tr><td >5<\/td>\n<td >Selg<\/td>\n<td >K-A<\/td>\n<td ><\/td>\n<td ><a href=\"http:\/\/priit.ati.ttu.ee\/?page_id=1253\">Sissejuhatus VHDLi<\/a><\/td>\n<\/tr>\n\r\n<tr><td >6<\/td>\n<td >Selg<\/td>\n<td >A-T<\/td>\n<td ><div id=\"n6-link-1246\" class=\"sh-link n6-link sh-hide\"><a href=\"#\" onclick=\"showhide_toggle('n6', 1246, 'N\u00e4ita', 'Peida'); return false;\" aria-expanded=\"false\"><span id=\"n6-toggle-1246\">N\u00e4ita<\/span><\/a><\/div><div id=\"n6-content-1246\" class=\"sh-content n6-content sh-hide\" style=\"display: none;\">Test: 4, 5 ja 6nda n\u00e4dala materjalid.<\/div><\/td>\n<td ><a href=\"http:\/\/priit.ati.ttu.ee\/?page_id=1815\">Kodut\u00f6\u00f6 I s\u00fcntees<\/a><\/td>\n<\/tr>\n\r\n<tr><td >7<\/td>\n<td >Ellervee<\/td>\n<td >K<\/td>\n<td ><\/td>\n<td ><a href=\"http:\/\/mini.pld.ttu.ee\/~lrv\/IAY0150\/exercise-3.pdf\" target=\"_blank\" rel=\"noopener\">Mitmetasemeliste loogikafunktsioonide minimeerimine<\/a><\/td>\n<\/tr>\n\r\n<tr><td >8<\/td>\n<td >Selg<\/td>\n<td >A<\/td>\n<td ><\/td>\n<td ><a href=\"http:\/\/priit.ati.ttu.ee\/?page_id=1972\">Praktikumi \u00fclesanne<\/a><\/td>\n<\/tr>\n\r\n<tr><td >9<\/td>\n<td >Ellervee<\/td>\n<td >K<\/td>\n<td ><\/td>\n<td ><a href=\"http:\/\/mini.pld.ttu.ee\/~lrv\/IAY0150\/exercise-4.pdf\" target=\"_blank\" rel=\"noopener\">Viite arvutamine<\/a><\/td>\n<\/tr>\n\r\n<tr><td >10<\/td>\n<td >Ellervee<\/td>\n<td >K-A<\/td>\n<td ><\/td>\n<td ><a href=\"http:\/\/priit.ati.ttu.ee\/?page_id=1991\">Kodut\u00f6\u00f6 II tutvustus<\/a>, <a href=\"http:\/\/mini.pld.ttu.ee\/~lrv\/IAY0150\/exercise-5.pdf\" target=\"_blank\" rel=\"noopener\">Automaadid<\/a><\/td>\n<\/tr>\n\r\n<tr><td >11<\/td>\n<td >Selg<\/td>\n<td >A-T<\/td>\n<td ><div id=\"n10-link-1246\" class=\"sh-link n10-link sh-hide\"><a href=\"#\" onclick=\"showhide_toggle('n10', 1246, 'N\u00e4ita', 'Peida'); return false;\" aria-expanded=\"false\"><span id=\"n10-toggle-1246\">N\u00e4ita<\/span><\/a><\/div><div id=\"n10-content-1246\" class=\"sh-content n10-content sh-hide\" style=\"display: none;\">Test: 4, 5, 9, ja 10nda n\u00e4dala materjalid.<\/div><\/td>\n<td ><a href=\"http:\/\/priit.ati.ttu.ee\/?page_id=1972\">Praktikumi \u00fclesanne<\/a><\/td>\n<\/tr>\n\r\n<tr><td >12<\/td>\n<td >Selg<\/td>\n<td >A<\/td>\n<td ><\/td>\n<td ><a href=\"http:\/\/priit.ati.ttu.ee\/?page_id=1972\">Praktikumi \u00fclesanne<\/a><\/td>\n<\/tr>\n\r\n<tr><td >13<\/td>\n<td >Ellervee<\/td>\n<td >K-A-T<\/td>\n<td ><div id=\"n13-link-1246\" class=\"sh-link n13-link sh-hide\"><a href=\"#\" onclick=\"showhide_toggle('n13', 1246, 'N\u00e4ita', 'Peida'); return false;\" aria-expanded=\"false\"><span id=\"n13-toggle-1246\">N\u00e4ita<\/span><\/a><\/div><div id=\"n13-content-1246\" class=\"sh-content n13-content sh-hide\" style=\"display: none;\">Test: Juht-automaadid(s\u00fcntees ja kasutus digi. s\u00fcsteemides).<\/div><\/td>\n<td ><a href=\"http:\/\/mini.pld.ttu.ee\/~lrv\/IAY0150\/exercise-6.pdf\" target=\"_blank\" rel=\"noopener\">\u00dcmberajastamine<\/a>,<a href=\"http:\/\/priit.ati.ttu.ee\/?p=2599\" target=\"_blank\" rel=\"noopener\">Test 4<\/a><\/td>\n<\/tr>\n\r\n<tr><td >14<\/td>\n<td >Selg<\/td>\n<td >A-T<\/td>\n<td ><div id=\"n14-link-1246\" class=\"sh-link n14-link sh-hide\"><a href=\"#\" onclick=\"showhide_toggle('n14', 1246, 'N\u00e4ita', 'Peida'); return false;\" aria-expanded=\"false\"><span id=\"n14-toggle-1246\">N\u00e4ita<\/span><\/a><\/div><div id=\"n14-content-1246\" class=\"sh-content n14-content sh-hide\" style=\"display: none;\">Test: Digitaals\u00fcsteemide realiseerimine ja optimeerimine.<\/div><\/td>\n<td ><a href=\"http:\/\/priit.ati.ttu.ee\/?page_id=1976\">Kodut\u00f6\u00f6 II s\u00fcntees<\/a><\/td>\n<\/tr>\n\r\n<tr><td >15<\/td>\n<td >Selg<\/td>\n<td > A<\/td>\n<td ><\/td>\n<td ><a href=\"http:\/\/priit.ati.ttu.ee\/?page_id=1974\">Eagle<\/a>,<a href=\"http:\/\/priit.ati.ttu.ee\/?page_id=2625\">Kiip<\/a><\/td>\n<\/tr>\n\r\n<tr><td >16<\/td>\n<td >-<\/td>\n<td >-<\/td>\n<td ><\/td>\n<td > Varu<\/td>\n<\/tr>\n<\/tbody><\/table><\/div>\n<hr \/>\n<h3>Kodut\u00f6\u00f6de t\u00e4htajad:<\/h3>\n<div style=\"overflow: hidden; max-width: 680px;\"><iframe style=\"border: 0px none; height: 120px; margin-top: -40px; width: 680px;\" src=\"http:\/\/mini.pld.ttu.ee\/~lrv\/IAY0150\/homework\" width=\"300\" height=\"150\" scrolling=\"no\"><br \/>\n<\/iframe><\/div>\n<hr \/>\n","protected":false},"excerpt":{"rendered":"<p>NB! Teemade nimetused ja j\u00e4rjekord v\u00f5ib osaliselt muutuda! Samuti v\u00f5ib muutuda materjali jaotus tundide vahel. J\u00e4relt\u00f6id on v\u00f5imalik teha j\u00e4rgmistel aegadel: Esmasp\u00e4ev ( 19.12 ): 18:30 &#8211; Test 3 &#8211; j\u00e4relt\u00f6\u00f6 link 19:00 &#8211; Test 4 ja 5 &#8211; J\u00e4relt\u00f6\u00f6 link: Test 4; Test 5 Neljap\u00e4ev ( 21.12 ): 15:00 &#8211; Test 3 &#8211; j\u00e4relt\u00f6\u00f6 [&#8230;]<\/p>\n","protected":false},"author":1,"featured_media":0,"parent":0,"menu_order":0,"comment_status":"closed","ping_status":"closed","template":"","meta":[],"_links":{"self":[{"href":"http:\/\/priit.ati.ttu.ee\/index.php?rest_route=\/wp\/v2\/pages\/1246"}],"collection":[{"href":"http:\/\/priit.ati.ttu.ee\/index.php?rest_route=\/wp\/v2\/pages"}],"about":[{"href":"http:\/\/priit.ati.ttu.ee\/index.php?rest_route=\/wp\/v2\/types\/page"}],"author":[{"embeddable":true,"href":"http:\/\/priit.ati.ttu.ee\/index.php?rest_route=\/wp\/v2\/users\/1"}],"replies":[{"embeddable":true,"href":"http:\/\/priit.ati.ttu.ee\/index.php?rest_route=%2Fwp%2Fv2%2Fcomments&post=1246"}],"version-history":[{"count":121,"href":"http:\/\/priit.ati.ttu.ee\/index.php?rest_route=\/wp\/v2\/pages\/1246\/revisions"}],"predecessor-version":[{"id":12337,"href":"http:\/\/priit.ati.ttu.ee\/index.php?rest_route=\/wp\/v2\/pages\/1246\/revisions\/12337"}],"wp:attachment":[{"href":"http:\/\/priit.ati.ttu.ee\/index.php?rest_route=%2Fwp%2Fv2%2Fmedia&parent=1246"}],"curies":[{"name":"wp","href":"https:\/\/api.w.org\/{rel}","templated":true}]}}