{"id":121,"date":"2012-11-16T15:38:05","date_gmt":"2012-11-16T13:38:05","guid":{"rendered":"http:\/\/petski.tainas.ee\/?page_id=121"},"modified":"2015-09-21T15:37:34","modified_gmt":"2015-09-21T13:37:34","slug":"naidisprogramm","status":"publish","type":"page","link":"http:\/\/priit.ati.ttu.ee\/?page_id=121","title":{"rendered":"N\u00e4idisprogramm"},"content":{"rendered":"<h3>N\u00e4idisprogrammi failid<\/h3>\n<p>T\u00f5mba alla k\u00f5ik n\u00e4idisprogrammi failid. Kasutamiseks lisa nad uude projekti.<\/p>\n<ul>\n<li><a href=\"http:\/\/priit.ati.ttu.ee\/wp-content\/uploads\/2012\/11\/main.c\">main.c<\/a><\/li>\n<li><a href=\"http:\/\/priit.ati.ttu.ee\/wp-content\/uploads\/2012\/11\/config.c\">config.c<\/a><\/li>\n<li><a href=\"http:\/\/priit.ati.ttu.ee\/wp-content\/uploads\/2012\/11\/config.h\">config.h<\/a><\/li>\n<\/ul>\n","protected":false},"excerpt":{"rendered":"<p>N\u00e4idisprogrammi failid T\u00f5mba alla k\u00f5ik n\u00e4idisprogrammi failid. Kasutamiseks lisa nad uude projekti. main.c config.c config.h<\/p>\n","protected":false},"author":1,"featured_media":0,"parent":12,"menu_order":4,"comment_status":"closed","ping_status":"closed","template":"","meta":[],"_links":{"self":[{"href":"http:\/\/priit.ati.ttu.ee\/index.php?rest_route=\/wp\/v2\/pages\/121"}],"collection":[{"href":"http:\/\/priit.ati.ttu.ee\/index.php?rest_route=\/wp\/v2\/pages"}],"about":[{"href":"http:\/\/priit.ati.ttu.ee\/index.php?rest_route=\/wp\/v2\/types\/page"}],"author":[{"embeddable":true,"href":"http:\/\/priit.ati.ttu.ee\/index.php?rest_route=\/wp\/v2\/users\/1"}],"replies":[{"embeddable":true,"href":"http:\/\/priit.ati.ttu.ee\/index.php?rest_route=%2Fwp%2Fv2%2Fcomments&post=121"}],"version-history":[{"count":7,"href":"http:\/\/priit.ati.ttu.ee\/index.php?rest_route=\/wp\/v2\/pages\/121\/revisions"}],"predecessor-version":[{"id":1664,"href":"http:\/\/priit.ati.ttu.ee\/index.php?rest_route=\/wp\/v2\/pages\/121\/revisions\/1664"}],"up":[{"embeddable":true,"href":"http:\/\/priit.ati.ttu.ee\/index.php?rest_route=\/wp\/v2\/pages\/12"}],"wp:attachment":[{"href":"http:\/\/priit.ati.ttu.ee\/index.php?rest_route=%2Fwp%2Fv2%2Fmedia&parent=121"}],"curies":[{"name":"wp","href":"https:\/\/api.w.org\/{rel}","templated":true}]}}