{"id":12,"date":"2012-11-16T09:36:34","date_gmt":"2012-11-16T09:36:34","guid":{"rendered":"http:\/\/petski.tainas.ee\/?page_id=12"},"modified":"2015-09-23T09:28:12","modified_gmt":"2015-09-23T07:28:12","slug":"programmeerimine","status":"publish","type":"page","link":"http:\/\/priit.ati.ttu.ee\/?page_id=12","title":{"rendered":"Programmeerimine"},"content":{"rendered":"<h3>PICkit2 mikrokontrollerkomplekti programmeerimine C keeles<\/h3>\n<p>Mikrokontrollerkomplekti sisuks on programmeeritud koodi reaalsel platvormil katsetada. Ainu\u00fcksi programmikoodi uurimine konsoolis ei anna programmeerimisest t\u00e4ielikku \u00fclevaadet.<\/p>\n<p>Antud juhend sisaldab endas firma Microchip mikrokontroller stardikomplekti PICkit2 riistvaralist \u00fclevaadet, \u00fchendamist arvutiga ning tarkvara v\u00e4ljat\u00f6\u00f6tamist. Samuti on v\u00e4lja pakutud m\u00f5ned \u00fclesanded.<\/p>\n<p><a title=\"Riistvara\" href=\"http:\/\/priit.ati.ttu.ee\/?page_id=20\"><strong>Riistvara<\/strong><\/a> kirjeldab plaadil olevaid komponente. Samuti sisaldab ta endast stardikomplekti \u00fchendamist arvutiga.<\/p>\n<p><a title=\"Tarkvara\" href=\"http:\/\/priit.ati.ttu.ee\/?page_id=30\"><strong>Tarkvara <\/strong><\/a>r\u00e4\u00e4gib kasutatavast keskkonnast MPLAB X ning selle kohandamisest PICkit2 programmeerimiseks mikrokontroller PIC16F690 tarbeks. Samuti kirjeldatakse \u00fcksikasjalikult juba realiseeritud funktsioonide kasutamist.<\/p>\n<p><a title=\"\u00dclesanded\" href=\"http:\/\/priit.ati.ttu.ee\/?page_id=75\"><strong>\u00dclesanded<\/strong> <\/a>leiad siit.<\/p>\n<p><a href=\"http:\/\/priit.ati.ttu.ee\/wp-content\/uploads\/2012\/11\/kit.png\"><img loading=\"lazy\" class=\"alignnone size-full wp-image-115\" title=\"kit\" src=\"http:\/\/priit.ati.ttu.ee\/wp-content\/uploads\/2012\/11\/kit.png\" alt=\"\" width=\"640\" height=\"590\" srcset=\"http:\/\/priit.ati.ttu.ee\/wp-content\/uploads\/2012\/11\/kit.png 640w, http:\/\/priit.ati.ttu.ee\/wp-content\/uploads\/2012\/11\/kit-300x276.png 300w\" sizes=\"(max-width: 640px) 100vw, 640px\" \/><\/a><\/p>\n<p>&nbsp;<\/p>\n","protected":false},"excerpt":{"rendered":"<p>PICkit2 mikrokontrollerkomplekti programmeerimine C keeles Mikrokontrollerkomplekti sisuks on programmeeritud koodi reaalsel platvormil katsetada. Ainu\u00fcksi programmikoodi uurimine konsoolis ei anna programmeerimisest t\u00e4ielikku \u00fclevaadet. Antud juhend sisaldab endas firma Microchip mikrokontroller stardikomplekti PICkit2 riistvaralist \u00fclevaadet, \u00fchendamist arvutiga ning tarkvara v\u00e4ljat\u00f6\u00f6tamist. Samuti on v\u00e4lja pakutud m\u00f5ned \u00fclesanded. Riistvara kirjeldab plaadil olevaid komponente. Samuti sisaldab ta endast stardikomplekti \u00fchendamist [&#8230;]<\/p>\n","protected":false},"author":1,"featured_media":0,"parent":0,"menu_order":0,"comment_status":"closed","ping_status":"closed","template":"","meta":[],"_links":{"self":[{"href":"http:\/\/priit.ati.ttu.ee\/index.php?rest_route=\/wp\/v2\/pages\/12"}],"collection":[{"href":"http:\/\/priit.ati.ttu.ee\/index.php?rest_route=\/wp\/v2\/pages"}],"about":[{"href":"http:\/\/priit.ati.ttu.ee\/index.php?rest_route=\/wp\/v2\/types\/page"}],"author":[{"embeddable":true,"href":"http:\/\/priit.ati.ttu.ee\/index.php?rest_route=\/wp\/v2\/users\/1"}],"replies":[{"embeddable":true,"href":"http:\/\/priit.ati.ttu.ee\/index.php?rest_route=%2Fwp%2Fv2%2Fcomments&post=12"}],"version-history":[{"count":13,"href":"http:\/\/priit.ati.ttu.ee\/index.php?rest_route=\/wp\/v2\/pages\/12\/revisions"}],"predecessor-version":[{"id":1672,"href":"http:\/\/priit.ati.ttu.ee\/index.php?rest_route=\/wp\/v2\/pages\/12\/revisions\/1672"}],"wp:attachment":[{"href":"http:\/\/priit.ati.ttu.ee\/index.php?rest_route=%2Fwp%2Fv2%2Fmedia&parent=12"}],"curies":[{"name":"wp","href":"https:\/\/api.w.org\/{rel}","templated":true}]}}