{"id":1045,"date":"2014-09-16T11:45:29","date_gmt":"2014-09-16T09:45:29","guid":{"rendered":"http:\/\/petski.tainas.ee\/?page_id=1045"},"modified":"2017-11-29T11:52:03","modified_gmt":"2017-11-29T09:52:03","slug":"praktikumide-kord","status":"publish","type":"page","link":"http:\/\/priit.ati.ttu.ee\/?page_id=1045","title":{"rendered":"Praktikumide kord"},"content":{"rendered":"<p>Praktikumide arvestuse saamiseks peab tudeng kinni pidama praktikumide korrast. Kui m\u00f5ni punkt j\u00e4\u00e4b ebaselgeks kirjutada \u00f5ppej\u00f5ule v\u00f5i k\u00fcsida tunnis.<\/p>\n<ul>\n<li>Praktikumide 3 ja 4 lahendusi tuleb suulist \u00f5ppej\u00f5ule praktikumitunnis kaitsta.<\/li>\n<li>Praktikume saab esitada ning kaitsta semestri jooksul vastavalt allpool toodud korrale. Hilinenud lahendusi <strong>ilma v\u00e4ga m\u00f5juva p\u00f5hjuseta<\/strong> v\u00f5i <strong>etteteatamata<\/strong> vastu ei v\u00f5eta.\n<ul>\n<li><strong>Praktikumi III tulemusi saab\u00a0suuliselt\u00a0esitada 4. ja 5. praktikumi ajal (23.oktoober &#8211; 1. november).<\/strong><\/li>\n<li><strong>Praktikum IV tulemusi saab suuliselt esitada 7. ja 8. praktikumi ajal (13. november &#8211; 22. november).<\/strong><\/li>\n<li><strong>Praktikumide III ja IV aruandeid saab esitada kuni 1. detsembrini k.a.<\/strong><\/li>\n<\/ul>\n<\/li>\n<li>Suuline kaitsmine peaks toimuma selleks etten\u00e4htud praktikumitunnis v\u00f5i sellele j\u00e4rgnevas konsultatsioonis.<\/li>\n<li>Kirjalikud aruanded tuleb vormistada sarnaselt\u00a0etteantud mallile (n\u00f5utud on tiitelleht, \u00fclesande kirjeldus, lahendusk\u00e4ik ja kokkuv\u00f5te):\n<ul>\n<li><a href=\"http:\/\/priit.ati.ttu.ee\/wp-content\/uploads\/2014\/09\/vormistamine.docx\">Mall .docx failina<\/a><\/li>\n<li><a href=\"http:\/\/priit.ati.ttu.ee\/wp-content\/uploads\/2014\/09\/vormistamine.odt\">Mall .odt failina<\/a><\/li>\n<\/ul>\n<\/li>\n<li>Hilinenud aruande eest punkte ei saa.<\/li>\n<li>Aruannet tohib esitada ainult \u00fche korra.<\/li>\n<li>\u00d5ppej\u00f5ul on \u00f5igus aruande kohta esitada tudengile t\u00e4iendavaid k\u00fcsimusi.<\/li>\n<li>Aruanded tuleb esitada emaili teel aadressile: <strong>keijo[\u00e4t]ati.ttu.ee<\/strong><\/li>\n<li><strong>Aruanded tuleb esitada\u00a0<span style=\"color: #ff0000;\">PDF <\/span>formaadis.<\/strong><\/li>\n<li>Test on \u00fchekordne ning j\u00e4reletegemine toimub ainult enne testi esitatud m\u00f5juva p\u00f5hjuse alusel.<\/li>\n<li>Probleemide v\u00f5i vajakaj\u00e4\u00e4miste korral \u00a0kirjuta <a title=\"Tagasiside\" href=\"http:\/\/priit.ati.ttu.ee\/?page_id=984\">Tagasisidesse<\/a>.<\/li>\n<li>Lisaeksamit sooritavad tudengid v\u00f5ivad praktikume uuesti sooritada. Viimane toimub koos eelneva teatamisega praktikumide \u00f5ppej\u00f5ule.<\/li>\n<li>Kellegi teise t\u00f6\u00f6 esitamine on plagiaat, vt. <a href=\"http:\/\/www.itcollege.ee\/tudengile\/tudengielu\/eetikakoodeks\/\">Eetikakoodeks<\/a><\/li>\n<\/ul>\n<p>Praktikumides osalemisega oled n\u00f5ustunud sellest korrast kinni pidada!<\/p>\n<p>Praktikumide eest on v\u00f5imalik saada kuni 30 punkti, mis on \u00fchtlasi osa eksamihindest. Praktikumide tundidest osav\u00f5tt on kohustuslik.<\/p>\n<h2>Hindamine<\/h2>\n<p>Praktikumide punktid jagunevad j\u00e4rgmiselt:<\/p>\n<div class=\"table-responsive\"><table  style=\"width:600px; \"  class=\"easy-table easy-table-default \" >\n<caption>Tabel 1. Praktikumide punktide jagunemine<\/caption>\n<thead>\r\n<tr><th  style=\"width:20px\" >#<\/th>\n<th  style=\"width:250px\" > Teema<\/th>\n<th  style=\"width:300px\" > Kommentaar punktide jagunemise kohta<\/th>\n<th  style=\"width:20px\" > Max. punktid<\/th>\n<\/tr>\n<\/thead>\n<tbody>\r\n<tr><td >1<\/td>\n<td >VHDLi \u00fclesaanne &#8211; MUX<\/td>\n<td > 3 &#8211; aruanne; 2 &#8211; testpink;2&#215;3 &#8211; kirjeldusstiil<\/td>\n<td > 11<\/td>\n<\/tr>\n\r\n<tr><td >2<\/td>\n<td >ALU \u00dclesanne<\/td>\n<td > 4 &#8211; aruanne; 10 (2 x moodulid; testbench; mux) &#8211; lahendus; +5 (boonus) &#8211; kauglaboril s\u00fcntees<\/td>\n<td >14 (19)<\/td>\n<\/tr>\n\r\n<tr><td >3<\/td>\n<td >Test 1<\/td>\n<td > loengud+praktikumid <\/td>\n<td >2<\/td>\n<\/tr>\n\r\n<tr><td >4<\/td>\n<td >Test 2<\/td>\n<td > loengud + praktikumid <\/td>\n<td >3<\/td>\n<\/tr>\n<\/tbody><\/table><\/div>\n<p>Praktikumide lahendused tuleb \u00f5ppej\u00f5ule suuliselt kaitsta. Suuline kaitsmine t\u00e4hendab praktikumitunnis oma lahenduse selgitamist ning tulemuste esitamist. \u00d5ppej\u00f5ud v\u00f5ib kaitsmisel paluda koodi silumist v\u00f5i koodi muutmist, t\u00f5endamaks, et tudeng on lahenduse ise koostanud. Tudeng peab oskama oma koodi seletada.<\/p>\n","protected":false},"excerpt":{"rendered":"<p>Praktikumide arvestuse saamiseks peab tudeng kinni pidama praktikumide korrast. Kui m\u00f5ni punkt j\u00e4\u00e4b ebaselgeks kirjutada \u00f5ppej\u00f5ule v\u00f5i k\u00fcsida tunnis. Praktikumide 3 ja 4 lahendusi tuleb suulist \u00f5ppej\u00f5ule praktikumitunnis kaitsta. Praktikume saab esitada ning kaitsta semestri jooksul vastavalt allpool toodud korrale. Hilinenud lahendusi ilma v\u00e4ga m\u00f5juva p\u00f5hjuseta v\u00f5i etteteatamata vastu ei v\u00f5eta. Praktikumi III tulemusi saab\u00a0suuliselt\u00a0esitada [&#8230;]<\/p>\n","protected":false},"author":1,"featured_media":0,"parent":972,"menu_order":0,"comment_status":"closed","ping_status":"closed","template":"","meta":[],"_links":{"self":[{"href":"http:\/\/priit.ati.ttu.ee\/index.php?rest_route=\/wp\/v2\/pages\/1045"}],"collection":[{"href":"http:\/\/priit.ati.ttu.ee\/index.php?rest_route=\/wp\/v2\/pages"}],"about":[{"href":"http:\/\/priit.ati.ttu.ee\/index.php?rest_route=\/wp\/v2\/types\/page"}],"author":[{"embeddable":true,"href":"http:\/\/priit.ati.ttu.ee\/index.php?rest_route=\/wp\/v2\/users\/1"}],"replies":[{"embeddable":true,"href":"http:\/\/priit.ati.ttu.ee\/index.php?rest_route=%2Fwp%2Fv2%2Fcomments&post=1045"}],"version-history":[{"count":33,"href":"http:\/\/priit.ati.ttu.ee\/index.php?rest_route=\/wp\/v2\/pages\/1045\/revisions"}],"predecessor-version":[{"id":2593,"href":"http:\/\/priit.ati.ttu.ee\/index.php?rest_route=\/wp\/v2\/pages\/1045\/revisions\/2593"}],"up":[{"embeddable":true,"href":"http:\/\/priit.ati.ttu.ee\/index.php?rest_route=\/wp\/v2\/pages\/972"}],"wp:attachment":[{"href":"http:\/\/priit.ati.ttu.ee\/index.php?rest_route=%2Fwp%2Fv2%2Fmedia&parent=1045"}],"curies":[{"name":"wp","href":"https:\/\/api.w.org\/{rel}","templated":true}]}}